{"id":3645,"date":"2026-03-14T09:55:38","date_gmt":"2026-03-14T13:55:38","guid":{"rendered":"https:\/\/indigenoustravels.com\/?post_type=product&#038;p=3645"},"modified":"2026-03-15T10:08:02","modified_gmt":"2026-03-15T14:08:02","slug":"excursion-cayo-levantado","status":"publish","type":"product","link":"https:\/\/indigenoustravels.com\/es_do\/product\/excursion-cayo-levantado\/","title":{"rendered":"MARAVILLOSA EXCURSION !!CAYO ARENA!!"},"content":{"rendered":"<p data-start=\"332\" data-end=\"421\">\ud83c\udfdd\ufe0f <strong data-start=\"336\" data-end=\"377\">EXCURSI\u00d3N A CAYO ARENA (ISLA PARA\u00cdSO)<\/strong><br data-start=\"377\" data-end=\"380\" \/>Salida desde <strong data-start=\"393\" data-end=\"421\">Santo Domingo y Santiago<\/strong><\/p>\n<p data-start=\"423\" data-end=\"660\">Vive una experiencia inolvidable en uno de los destinos m\u00e1s espectaculares del Caribe: <strong data-start=\"510\" data-end=\"551\"><span class=\"hover:entity-accent entity-underline inline cursor-pointer align-baseline\"><span class=\"whitespace-normal\">Cayo Arena<\/span><\/span><\/strong>, una peque\u00f1a isla de arena blanca rodeada de aguas cristalinas y arrecifes de coral llenos de vida marina.<\/p>\n<p data-start=\"662\" data-end=\"841\">\ud83c\udf0a Nada entre peces tropicales<br data-start=\"692\" data-end=\"695\" \/>\ud83e\udd3f Haz <strong data-start=\"702\" data-end=\"739\">snorkeling en un arrecife natural<\/strong><br data-start=\"739\" data-end=\"742\" \/>\ud83d\udea4 Disfruta un emocionante <strong data-start=\"769\" data-end=\"795\">paseo en lancha r\u00e1pida<\/strong><br data-start=\"795\" data-end=\"798\" \/>\ud83c\udf34 Rel\u00e1jate en una isla paradis\u00edaca \u00fanica<\/p>\n<p data-start=\"843\" data-end=\"964\">Este tour est\u00e1 dise\u00f1ado para quienes desean <strong data-start=\"887\" data-end=\"963\">escapar de la rutina y vivir una aventura aut\u00e9ntica en la costa norte de la Rep\u00fablica Dominicana<\/strong>. <!--more--><\/p>\n<h3 data-section-id=\"1d34b06\" data-start=\"971\" data-end=\"1000\">\ud83c\udf1f ESTA EXPERIENCIA INCLUYE:<\/h3>\n<p data-start=\"1002\" data-end=\"1286\">\u2714 Transporte en <strong data-start=\"1018\" data-end=\"1044\">autobuses confortables (Ida y Vuelta)<\/strong><br data-start=\"1044\" data-end=\"1047\" \/>\u2714 Traslado en <strong data-start=\"1061\" data-end=\"1095\">lancha r\u00e1pida hacia Cayo Arena y Manglares<\/strong><br data-start=\"1095\" data-end=\"1098\" \/>\u2714 <strong data-start=\"1100\" data-end=\"1136\">Snorkeling en arrecifes de coral (Equipos Incluidos)<\/strong><br data-start=\"1136\" data-end=\"1139\" \/>\u2714 Visita a los <strong data-start=\"1154\" data-end=\"1178\">manglares de la zona<\/strong><br data-start=\"1178\" data-end=\"1181\" \/>\u2714 Tiempo libre en la isla para disfrutar del para\u00edso<\/p>\n<p data-start=\"1002\" data-end=\"1286\">\u2714Almuerzo T\u00edpico (Tipo Buffet)<br data-start=\"1233\" data-end=\"1236\" \/>\u2714 Coordinaci\u00f3n y asistencia durante todo el tour<\/p>\n<p data-start=\"1293\" data-end=\"1358\">\ud83d\udcb0 <strong data-start=\"1296\" data-end=\"1328\">Reserva tu asiento con solo:<\/strong><br data-start=\"1328\" data-end=\"1331\" \/>\ud83d\udd25 <strong data-start=\"1334\" data-end=\"1358\">RD$1,000 por persona<\/strong><\/p>\n<p data-start=\"1360\" data-end=\"1491\">\u26a0\ufe0f <strong data-start=\"1363\" data-end=\"1380\">CUPO LIMITADO<\/strong><br data-start=\"1380\" data-end=\"1383\" \/>Las excursiones a <strong data-start=\"1401\" data-end=\"1442\"><span class=\"hover:entity-accent entity-underline inline cursor-pointer align-baseline\"><span class=\"whitespace-normal\">Cayo Arena<\/span><\/span><\/strong> suelen llenarse r\u00e1pido debido a la alta demanda.<\/p>\n<p data-start=\"1498\" data-end=\"1531\">\ud83d\udcf2 <strong data-start=\"1501\" data-end=\"1531\">RESERVA AHORA POR WHATSAPP<\/strong><\/p>\n<p data-start=\"1533\" data-end=\"1568\">\ud83d\udcde 829-639-9942 INDIGENOUS TRAVELS &amp; TOURS<br data-start=\"1548\" data-end=\"1551\" \/>\ud83d\udcde 809-914-9495\u00a0 NEXXTRIP TRAVELS<\/p>\n<p data-start=\"1533\" data-end=\"1568\">\n","protected":false},"excerpt":{"rendered":"<p>Vive una experiencia inolvidable en uno de los destinos m\u00e1s espectaculares del Caribe: <strong data-start=\"510\" data-end=\"551\"><span class=\"hover:entity-accent entity-underline inline cursor-pointer align-baseline\"><span class=\"whitespace-normal\">Cayo Arena<\/span><\/span><\/strong>, una peque\u00f1a isla de arena blanca rodeada de aguas cristalinas y arrecifes de coral llenos de vida marina. VIVE LO AUNTENTICO!!<\/p>\n","protected":false},"featured_media":3646,"comment_status":"closed","ping_status":"closed","template":"","meta":{"site-sidebar-layout":"default","site-content-layout":"","ast-site-content-layout":"default","site-content-style":"default","site-sidebar-style":"default","ast-global-header-display":"","ast-banner-title-visibility":"","ast-main-header-display":"","ast-hfb-above-header-display":"","ast-hfb-below-header-display":"","ast-hfb-mobile-header-display":"","site-post-title":"","ast-breadcrumbs-content":"","ast-featured-img":"","footer-sml-layout":"","theme-transparent-header-meta":"default","adv-header-id-meta":"","stick-header-meta":"","header-above-stick-meta":"","header-main-stick-meta":"","header-below-stick-meta":"","astra-migrate-meta-layouts":"set","ast-page-background-enabled":"default","ast-page-background-meta":{"desktop":{"background-color":"var(--ast-global-color-5)","background-image":"","background-repeat":"repeat","background-position":"center center","background-size":"auto","background-attachment":"scroll","background-type":"","background-media":"","overlay-type":"","overlay-color":"","overlay-opacity":"","overlay-gradient":""},"tablet":{"background-color":"","background-image":"","background-repeat":"repeat","background-position":"center center","background-size":"auto","background-attachment":"scroll","background-type":"","background-media":"","overlay-type":"","overlay-color":"","overlay-opacity":"","overlay-gradient":""},"mobile":{"background-color":"","background-image":"","background-repeat":"repeat","background-position":"center center","background-size":"auto","background-attachment":"scroll","background-type":"","background-media":"","overlay-type":"","overlay-color":"","overlay-opacity":"","overlay-gradient":""}},"ast-content-background-meta":{"desktop":{"background-color":"var(--ast-global-color-4)","background-image":"","background-repeat":"repeat","background-position":"center center","background-size":"auto","background-attachment":"scroll","background-type":"","background-media":"","overlay-type":"","overlay-color":"","overlay-opacity":"","overlay-gradient":""},"tablet":{"background-color":"var(--ast-global-color-4)","background-image":"","background-repeat":"repeat","background-position":"center center","background-size":"auto","background-attachment":"scroll","background-type":"","background-media":"","overlay-type":"","overlay-color":"","overlay-opacity":"","overlay-gradient":""},"mobile":{"background-color":"var(--ast-global-color-4)","background-image":"","background-repeat":"repeat","background-position":"center center","background-size":"auto","background-attachment":"scroll","background-type":"","background-media":"","overlay-type":"","overlay-color":"","overlay-opacity":"","overlay-gradient":""}}},"product_brand":[29],"product_cat":[27,25,26],"product_tag":[58,93,91,92,94,95],"class_list":{"0":"post-3645","1":"product","2":"type-product","3":"status-publish","4":"has-post-thumbnail","6":"product_brand-indigenous-travels-tours","7":"product_cat-aventura","8":"product_cat-eco-aventura","9":"product_cat-naturaleza","10":"product_tag-indigenoustravels","11":"product_tag-aventura","12":"product_tag-cayoarena","13":"product_tag-ecoaventura","14":"product_tag-naturaleza","15":"product_tag-nexxtriptravels","16":"desktop-align-left","17":"tablet-align-left","18":"mobile-align-center","20":"first","21":"onbackorder","22":"sale","23":"purchasable","24":"product-type-simple"},"_links":{"self":[{"href":"https:\/\/indigenoustravels.com\/es_do\/wp-json\/wp\/v2\/product\/3645","targetHints":{"allow":["GET"]}}],"collection":[{"href":"https:\/\/indigenoustravels.com\/es_do\/wp-json\/wp\/v2\/product"}],"about":[{"href":"https:\/\/indigenoustravels.com\/es_do\/wp-json\/wp\/v2\/types\/product"}],"replies":[{"embeddable":true,"href":"https:\/\/indigenoustravels.com\/es_do\/wp-json\/wp\/v2\/comments?post=3645"}],"version-history":[{"count":1,"href":"https:\/\/indigenoustravels.com\/es_do\/wp-json\/wp\/v2\/product\/3645\/revisions"}],"predecessor-version":[{"id":3652,"href":"https:\/\/indigenoustravels.com\/es_do\/wp-json\/wp\/v2\/product\/3645\/revisions\/3652"}],"wp:featuredmedia":[{"embeddable":true,"href":"https:\/\/indigenoustravels.com\/es_do\/wp-json\/wp\/v2\/media\/3646"}],"wp:attachment":[{"href":"https:\/\/indigenoustravels.com\/es_do\/wp-json\/wp\/v2\/media?parent=3645"}],"wp:term":[{"taxonomy":"product_brand","embeddable":true,"href":"https:\/\/indigenoustravels.com\/es_do\/wp-json\/wp\/v2\/product_brand?post=3645"},{"taxonomy":"product_cat","embeddable":true,"href":"https:\/\/indigenoustravels.com\/es_do\/wp-json\/wp\/v2\/product_cat?post=3645"},{"taxonomy":"product_tag","embeddable":true,"href":"https:\/\/indigenoustravels.com\/es_do\/wp-json\/wp\/v2\/product_tag?post=3645"}],"curies":[{"name":"wp","href":"https:\/\/api.w.org\/{rel}","templated":true}]}}