{"id":3521,"date":"2026-01-29T16:21:45","date_gmt":"2026-01-29T20:21:45","guid":{"rendered":"https:\/\/indigenoustravels.com\/?post_type=product&#038;p=3521"},"modified":"2026-01-31T09:54:36","modified_gmt":"2026-01-31T13:54:36","slug":"salto-el-limon-samana","status":"publish","type":"product","link":"https:\/\/indigenoustravels.com\/es_do\/product\/salto-el-limon-samana\/","title":{"rendered":"SALTO EL LIMON-SAMANA"},"content":{"rendered":"<p><strong>INDIGENOUS TRAVELS &amp; TOURS<\/strong>, te lleva a explorar <strong>SALTO EL LIMON<\/strong>, ubicado en la exuberante pen\u00ednsula de Saman\u00e1, el destino tur\u00edstico Salto El Lim\u00f3n es una de las joyas naturales m\u00e1s visitadas de Rep\u00fablica Dominicana. Esta cascada, ubicada en la comunidad de El Lim\u00f3n, ofrece una experiencia \u00fanica de contacto con la naturaleza: caminata o paseo a caballo, bosque tropical, una ca\u00edda de agua imponente y una piscina natural refrescante. Este tour ha sido dise\u00f1ado para quienes buscan aventura, tranquilidad y belleza natural al mismo tiempo.<\/p>\n","protected":false},"excerpt":{"rendered":"<p>Vive una de las experiencias naturales m\u00e1s emblem\u00e1ticas de la Rep\u00fablica Dominicana con nuestro <strong data-start=\"381\" data-end=\"404\">Tour Salto El Lim\u00f3n<\/strong>, una aventura dise\u00f1ada para quienes desean conectar con la naturaleza, disfrutar paisajes espectaculares y refrescarse en aguas cristalinas.<\/p>\n","protected":false},"featured_media":3522,"comment_status":"closed","ping_status":"closed","template":"","meta":{"site-sidebar-layout":"default","site-content-layout":"","ast-site-content-layout":"default","site-content-style":"default","site-sidebar-style":"default","ast-global-header-display":"","ast-banner-title-visibility":"","ast-main-header-display":"","ast-hfb-above-header-display":"","ast-hfb-below-header-display":"","ast-hfb-mobile-header-display":"","site-post-title":"","ast-breadcrumbs-content":"","ast-featured-img":"","footer-sml-layout":"","theme-transparent-header-meta":"default","adv-header-id-meta":"","stick-header-meta":"","header-above-stick-meta":"","header-main-stick-meta":"","header-below-stick-meta":"","astra-migrate-meta-layouts":"set","ast-page-background-enabled":"default","ast-page-background-meta":{"desktop":{"background-color":"var(--ast-global-color-5)","background-image":"","background-repeat":"repeat","background-position":"center center","background-size":"auto","background-attachment":"scroll","background-type":"","background-media":"","overlay-type":"","overlay-color":"","overlay-opacity":"","overlay-gradient":""},"tablet":{"background-color":"","background-image":"","background-repeat":"repeat","background-position":"center center","background-size":"auto","background-attachment":"scroll","background-type":"","background-media":"","overlay-type":"","overlay-color":"","overlay-opacity":"","overlay-gradient":""},"mobile":{"background-color":"","background-image":"","background-repeat":"repeat","background-position":"center center","background-size":"auto","background-attachment":"scroll","background-type":"","background-media":"","overlay-type":"","overlay-color":"","overlay-opacity":"","overlay-gradient":""}},"ast-content-background-meta":{"desktop":{"background-color":"var(--ast-global-color-4)","background-image":"","background-repeat":"repeat","background-position":"center center","background-size":"auto","background-attachment":"scroll","background-type":"","background-media":"","overlay-type":"","overlay-color":"","overlay-opacity":"","overlay-gradient":""},"tablet":{"background-color":"var(--ast-global-color-4)","background-image":"","background-repeat":"repeat","background-position":"center center","background-size":"auto","background-attachment":"scroll","background-type":"","background-media":"","overlay-type":"","overlay-color":"","overlay-opacity":"","overlay-gradient":""},"mobile":{"background-color":"var(--ast-global-color-4)","background-image":"","background-repeat":"repeat","background-position":"center center","background-size":"auto","background-attachment":"scroll","background-type":"","background-media":"","overlay-type":"","overlay-color":"","overlay-opacity":"","overlay-gradient":""}}},"product_brand":[29],"product_cat":[27,25,26],"product_tag":[58,44,78],"class_list":{"0":"post-3521","1":"product","2":"type-product","3":"status-publish","4":"has-post-thumbnail","6":"product_brand-indigenous-travels-tours","7":"product_cat-aventura","8":"product_cat-eco-aventura","9":"product_cat-naturaleza","10":"product_tag-indigenoustravels","11":"product_tag-ecoturismo","12":"product_tag-saltolimon","13":"desktop-align-left","14":"tablet-align-left","15":"mobile-align-center","17":"first","18":"onbackorder","19":"sale","20":"taxable","21":"shipping-taxable","22":"purchasable","23":"product-type-simple"},"_links":{"self":[{"href":"https:\/\/indigenoustravels.com\/es_do\/wp-json\/wp\/v2\/product\/3521","targetHints":{"allow":["GET"]}}],"collection":[{"href":"https:\/\/indigenoustravels.com\/es_do\/wp-json\/wp\/v2\/product"}],"about":[{"href":"https:\/\/indigenoustravels.com\/es_do\/wp-json\/wp\/v2\/types\/product"}],"replies":[{"embeddable":true,"href":"https:\/\/indigenoustravels.com\/es_do\/wp-json\/wp\/v2\/comments?post=3521"}],"version-history":[{"count":1,"href":"https:\/\/indigenoustravels.com\/es_do\/wp-json\/wp\/v2\/product\/3521\/revisions"}],"predecessor-version":[{"id":3529,"href":"https:\/\/indigenoustravels.com\/es_do\/wp-json\/wp\/v2\/product\/3521\/revisions\/3529"}],"wp:featuredmedia":[{"embeddable":true,"href":"https:\/\/indigenoustravels.com\/es_do\/wp-json\/wp\/v2\/media\/3522"}],"wp:attachment":[{"href":"https:\/\/indigenoustravels.com\/es_do\/wp-json\/wp\/v2\/media?parent=3521"}],"wp:term":[{"taxonomy":"product_brand","embeddable":true,"href":"https:\/\/indigenoustravels.com\/es_do\/wp-json\/wp\/v2\/product_brand?post=3521"},{"taxonomy":"product_cat","embeddable":true,"href":"https:\/\/indigenoustravels.com\/es_do\/wp-json\/wp\/v2\/product_cat?post=3521"},{"taxonomy":"product_tag","embeddable":true,"href":"https:\/\/indigenoustravels.com\/es_do\/wp-json\/wp\/v2\/product_tag?post=3521"}],"curies":[{"name":"wp","href":"https:\/\/api.w.org\/{rel}","templated":true}]}}