{"id":3280,"date":"2026-01-05T16:52:07","date_gmt":"2026-01-05T20:52:07","guid":{"rendered":"https:\/\/indigenoustravels.com\/?page_id=3280"},"modified":"2026-01-12T17:38:31","modified_gmt":"2026-01-12T21:38:31","slug":"explora-bogota-2026","status":"publish","type":"page","link":"https:\/\/indigenoustravels.com\/es_do\/explora-bogota-2026\/","title":{"rendered":"EXPLORA BOGOTA 2026"},"content":{"rendered":"\t\t<div data-elementor-type=\"wp-page\" data-elementor-id=\"3280\" class=\"elementor elementor-3280\" data-elementor-post-type=\"page\">\n\t\t\t\t<div class=\"elementor-element elementor-element-c27585a e-flex e-con-boxed e-con e-parent\" data-id=\"c27585a\" data-element_type=\"container\" data-e-type=\"container\">\n\t\t\t\t\t<div class=\"e-con-inner\">\n\t\t\t\t<div class=\"elementor-element elementor-element-a04dd15 animated-slow elementor-invisible elementor-widget elementor-widget-image\" data-id=\"a04dd15\" data-element_type=\"widget\" data-e-type=\"widget\" data-settings=\"{&quot;_animation&quot;:&quot;zoomInDown&quot;}\" data-widget_type=\"image.default\">\n\t\t\t\t\t\t\t\t\t\t\t\t\t\t\t<img fetchpriority=\"high\" decoding=\"async\" width=\"683\" height=\"1024\" src=\"https:\/\/indigenoustravels.com\/wp-content\/uploads\/2026\/01\/Flyer-Bogota-683x1024.png\" class=\"attachment-large size-large wp-image-3281\" alt=\"EXPLORA BOGOTA 2026\" srcset=\"https:\/\/indigenoustravels.com\/wp-content\/uploads\/2026\/01\/Flyer-Bogota-683x1024.png 683w, https:\/\/indigenoustravels.com\/wp-content\/uploads\/2026\/01\/Flyer-Bogota-600x900.png 600w, https:\/\/indigenoustravels.com\/wp-content\/uploads\/2026\/01\/Flyer-Bogota-200x300.png 200w, https:\/\/indigenoustravels.com\/wp-content\/uploads\/2026\/01\/Flyer-Bogota-768x1152.png 768w, https:\/\/indigenoustravels.com\/wp-content\/uploads\/2026\/01\/Flyer-Bogota-8x12.png 8w, https:\/\/indigenoustravels.com\/wp-content\/uploads\/2026\/01\/Flyer-Bogota.png 1024w\" sizes=\"(max-width: 683px) 100vw, 683px\" \/>\t\t\t\t\t\t\t\t\t\t\t\t\t\t\t<\/div>\n\t\t\t\t\t<\/div>\n\t\t\t\t<\/div>\n\t\t<div class=\"elementor-element elementor-element-462ff8a e-flex e-con-boxed e-con e-parent\" data-id=\"462ff8a\" data-element_type=\"container\" data-e-type=\"container\" data-settings=\"{&quot;background_background&quot;:&quot;classic&quot;}\">\n\t\t\t\t\t<div class=\"e-con-inner\">\n\t\t<div class=\"elementor-element elementor-element-563e370 e-con-full e-flex e-con e-child\" data-id=\"563e370\" data-element_type=\"container\" data-e-type=\"container\" data-settings=\"{&quot;background_background&quot;:&quot;gradient&quot;}\">\n\t\t<div class=\"elementor-element elementor-element-ae25788 e-con-full e-flex e-con e-child\" data-id=\"ae25788\" data-element_type=\"container\" data-e-type=\"container\">\n\t\t\t\t<div class=\"elementor-element elementor-element-854ab58 animated-slow elementor-invisible elementor-widget elementor-widget-image\" data-id=\"854ab58\" data-element_type=\"widget\" data-e-type=\"widget\" data-settings=\"{&quot;_animation&quot;:&quot;zoomInUp&quot;,&quot;_animation_delay&quot;:300}\" data-widget_type=\"image.default\">\n\t\t\t\t\t\t\t\t\t\t\t\t<figure class=\"wp-caption\">\n\t\t\t\t\t\t\t\t\t\t\t<a href=\"https:\/\/indigenoustravels.com\/tienda-on-line\/\">\n\t\t\t\t\t\t\t<img decoding=\"async\" width=\"1024\" height=\"538\" src=\"https:\/\/indigenoustravels.com\/wp-content\/uploads\/2026\/01\/parque-kaime-duque-1024x538.jpg\" class=\"attachment-large size-large wp-image-3384\" alt=\"Parque Jaime Duque\" srcset=\"https:\/\/indigenoustravels.com\/wp-content\/uploads\/2026\/01\/parque-kaime-duque-1024x538.jpg 1024w, https:\/\/indigenoustravels.com\/wp-content\/uploads\/2026\/01\/parque-kaime-duque-600x315.jpg 600w, https:\/\/indigenoustravels.com\/wp-content\/uploads\/2026\/01\/parque-kaime-duque-300x158.jpg 300w, https:\/\/indigenoustravels.com\/wp-content\/uploads\/2026\/01\/parque-kaime-duque-768x403.jpg 768w, https:\/\/indigenoustravels.com\/wp-content\/uploads\/2026\/01\/parque-kaime-duque-18x9.jpg 18w, https:\/\/indigenoustravels.com\/wp-content\/uploads\/2026\/01\/parque-kaime-duque.jpg 1200w\" sizes=\"(max-width: 1024px) 100vw, 1024px\" \/>\t\t\t\t\t\t\t\t<\/a>\n\t\t\t\t\t\t\t\t\t\t\t<figcaption class=\"widget-image-caption wp-caption-text\">PARQUE TEMATICO J. DUQUE<\/figcaption>\n\t\t\t\t\t\t\t\t\t\t<\/figure>\n\t\t\t\t\t\t\t\t\t<\/div>\n\t\t\t\t<\/div>\n\t\t<div class=\"elementor-element elementor-element-ed528e2 e-con-full e-flex e-con e-child\" data-id=\"ed528e2\" data-element_type=\"container\" data-e-type=\"container\">\n\t\t\t\t<div class=\"elementor-element elementor-element-1496421 animated-slow elementor-invisible elementor-widget elementor-widget-image\" data-id=\"1496421\" data-element_type=\"widget\" data-e-type=\"widget\" data-settings=\"{&quot;_animation&quot;:&quot;fadeInDown&quot;,&quot;_animation_delay&quot;:600}\" data-widget_type=\"image.default\">\n\t\t\t\t\t\t\t\t\t\t\t\t<figure class=\"wp-caption\">\n\t\t\t\t\t\t\t\t\t\t\t<a href=\"https:\/\/indigenoustravels.com\/tienda-on-line\/\">\n\t\t\t\t\t\t\t<img decoding=\"async\" width=\"1024\" height=\"722\" src=\"https:\/\/indigenoustravels.com\/wp-content\/uploads\/2026\/01\/casa-loca-guatavita-1024x722.jpg\" class=\"attachment-large size-large wp-image-3391\" alt=\"\" srcset=\"https:\/\/indigenoustravels.com\/wp-content\/uploads\/2026\/01\/casa-loca-guatavita-1024x722.jpg 1024w, https:\/\/indigenoustravels.com\/wp-content\/uploads\/2026\/01\/casa-loca-guatavita-600x423.jpg 600w, https:\/\/indigenoustravels.com\/wp-content\/uploads\/2026\/01\/casa-loca-guatavita-300x211.jpg 300w, https:\/\/indigenoustravels.com\/wp-content\/uploads\/2026\/01\/casa-loca-guatavita-768x541.jpg 768w, https:\/\/indigenoustravels.com\/wp-content\/uploads\/2026\/01\/casa-loca-guatavita-18x12.jpg 18w, https:\/\/indigenoustravels.com\/wp-content\/uploads\/2026\/01\/casa-loca-guatavita.jpg 1280w\" sizes=\"(max-width: 1024px) 100vw, 1024px\" \/>\t\t\t\t\t\t\t\t<\/a>\n\t\t\t\t\t\t\t\t\t\t\t<figcaption class=\"widget-image-caption wp-caption-text\">LA CASA LOCA<\/figcaption>\n\t\t\t\t\t\t\t\t\t\t<\/figure>\n\t\t\t\t\t\t\t\t\t<\/div>\n\t\t\t\t<\/div>\n\t\t<div class=\"elementor-element elementor-element-0b69709 e-con-full e-flex e-con e-child\" data-id=\"0b69709\" data-element_type=\"container\" data-e-type=\"container\">\n\t\t\t\t<div class=\"elementor-element elementor-element-6d9092e animated-slow elementor-invisible elementor-widget elementor-widget-image\" data-id=\"6d9092e\" data-element_type=\"widget\" data-e-type=\"widget\" data-settings=\"{&quot;_animation&quot;:&quot;slideInUp&quot;,&quot;_animation_delay&quot;:700}\" data-widget_type=\"image.default\">\n\t\t\t\t\t\t\t\t\t\t\t\t<figure class=\"wp-caption\">\n\t\t\t\t\t\t\t\t\t\t\t<a href=\"https:\/\/indigenoustravels.com\/tienda-on-line\/\">\n\t\t\t\t\t\t\t<img loading=\"lazy\" decoding=\"async\" width=\"1024\" height=\"683\" src=\"https:\/\/indigenoustravels.com\/wp-content\/uploads\/2026\/01\/Museo-del-Oro-1024x683.jpg\" class=\"attachment-large size-large wp-image-3393\" alt=\"Explora Bogot\u00e1 2026\" srcset=\"https:\/\/indigenoustravels.com\/wp-content\/uploads\/2026\/01\/Museo-del-Oro-1024x683.jpg 1024w, https:\/\/indigenoustravels.com\/wp-content\/uploads\/2026\/01\/Museo-del-Oro-600x400.jpg 600w, https:\/\/indigenoustravels.com\/wp-content\/uploads\/2026\/01\/Museo-del-Oro-300x200.jpg 300w, https:\/\/indigenoustravels.com\/wp-content\/uploads\/2026\/01\/Museo-del-Oro-768x512.jpg 768w, https:\/\/indigenoustravels.com\/wp-content\/uploads\/2026\/01\/Museo-del-Oro-1536x1024.jpg 1536w, https:\/\/indigenoustravels.com\/wp-content\/uploads\/2026\/01\/Museo-del-Oro-2048x1366.jpg 2048w, https:\/\/indigenoustravels.com\/wp-content\/uploads\/2026\/01\/Museo-del-Oro-18x12.jpg 18w\" sizes=\"(max-width: 1024px) 100vw, 1024px\" \/>\t\t\t\t\t\t\t\t<\/a>\n\t\t\t\t\t\t\t\t\t\t\t<figcaption class=\"widget-image-caption wp-caption-text\">MUSEO DEL ORO<\/figcaption>\n\t\t\t\t\t\t\t\t\t\t<\/figure>\n\t\t\t\t\t\t\t\t\t<\/div>\n\t\t\t\t<\/div>\n\t\t<div class=\"elementor-element elementor-element-974410e e-con-full e-flex e-con e-child\" data-id=\"974410e\" data-element_type=\"container\" data-e-type=\"container\">\n\t\t\t\t<div class=\"elementor-element elementor-element-275c1c3 animated-slow elementor-invisible elementor-widget elementor-widget-image\" data-id=\"275c1c3\" data-element_type=\"widget\" data-e-type=\"widget\" data-settings=\"{&quot;_animation&quot;:&quot;fadeInUp&quot;,&quot;_animation_delay&quot;:400}\" data-widget_type=\"image.default\">\n\t\t\t\t\t\t\t\t\t\t\t\t<figure class=\"wp-caption\">\n\t\t\t\t\t\t\t\t\t\t\t<a href=\"https:\/\/indigenoustravels.com\/tienda-on-line\/\">\n\t\t\t\t\t\t\t<img loading=\"lazy\" decoding=\"async\" width=\"512\" height=\"288\" src=\"https:\/\/indigenoustravels.com\/wp-content\/uploads\/2026\/01\/Laguna-de-Guatavita.jpg\" class=\"attachment-large size-large wp-image-3390\" alt=\"Laguna Guatavita\" srcset=\"https:\/\/indigenoustravels.com\/wp-content\/uploads\/2026\/01\/Laguna-de-Guatavita.jpg 512w, https:\/\/indigenoustravels.com\/wp-content\/uploads\/2026\/01\/Laguna-de-Guatavita-300x169.jpg 300w, https:\/\/indigenoustravels.com\/wp-content\/uploads\/2026\/01\/Laguna-de-Guatavita-18x10.jpg 18w\" sizes=\"(max-width: 512px) 100vw, 512px\" \/>\t\t\t\t\t\t\t\t<\/a>\n\t\t\t\t\t\t\t\t\t\t\t<figcaption class=\"widget-image-caption wp-caption-text\">LAGUNA GUATAVITA<\/figcaption>\n\t\t\t\t\t\t\t\t\t\t<\/figure>\n\t\t\t\t\t\t\t\t\t<\/div>\n\t\t\t\t<\/div>\n\t\t<div class=\"elementor-element elementor-element-f95e86c e-con-full e-flex e-con e-child\" data-id=\"f95e86c\" data-element_type=\"container\" data-e-type=\"container\">\n\t\t\t\t<div class=\"elementor-element elementor-element-0b139df animated-slow elementor-invisible elementor-widget elementor-widget-image\" data-id=\"0b139df\" data-element_type=\"widget\" data-e-type=\"widget\" data-settings=\"{&quot;_animation&quot;:&quot;fadeInLeft&quot;,&quot;_animation_delay&quot;:300}\" data-widget_type=\"image.default\">\n\t\t\t\t\t\t\t\t\t\t\t\t<figure class=\"wp-caption\">\n\t\t\t\t\t\t\t\t\t\t\t<a href=\"https:\/\/indigenoustravels.com\/tienda-on-line\/\">\n\t\t\t\t\t\t\t<img loading=\"lazy\" decoding=\"async\" width=\"620\" height=\"435\" src=\"https:\/\/indigenoustravels.com\/wp-content\/uploads\/2026\/01\/Monserrate_1-1_thumb_620.jpg\" class=\"attachment-large size-large wp-image-3379\" alt=\"Explora Bogot\u00e1 2026\" srcset=\"https:\/\/indigenoustravels.com\/wp-content\/uploads\/2026\/01\/Monserrate_1-1_thumb_620.jpg 620w, https:\/\/indigenoustravels.com\/wp-content\/uploads\/2026\/01\/Monserrate_1-1_thumb_620-600x421.jpg 600w, https:\/\/indigenoustravels.com\/wp-content\/uploads\/2026\/01\/Monserrate_1-1_thumb_620-300x210.jpg 300w, https:\/\/indigenoustravels.com\/wp-content\/uploads\/2026\/01\/Monserrate_1-1_thumb_620-18x12.jpg 18w\" sizes=\"(max-width: 620px) 100vw, 620px\" \/>\t\t\t\t\t\t\t\t<\/a>\n\t\t\t\t\t\t\t\t\t\t\t<figcaption class=\"widget-image-caption wp-caption-text\">CERRO DE MONSERRATE<\/figcaption>\n\t\t\t\t\t\t\t\t\t\t<\/figure>\n\t\t\t\t\t\t\t\t\t<\/div>\n\t\t\t\t<\/div>\n\t\t<div class=\"elementor-element elementor-element-0ac4c2c e-con-full e-flex e-con e-child\" data-id=\"0ac4c2c\" data-element_type=\"container\" data-e-type=\"container\">\n\t\t\t\t<div class=\"elementor-element elementor-element-d9d955b animated-slow elementor-invisible elementor-widget elementor-widget-image\" data-id=\"d9d955b\" data-element_type=\"widget\" data-e-type=\"widget\" data-settings=\"{&quot;_animation&quot;:&quot;fadeInRight&quot;,&quot;_animation_delay&quot;:500}\" data-widget_type=\"image.default\">\n\t\t\t\t\t\t\t\t\t\t\t\t<figure class=\"wp-caption\">\n\t\t\t\t\t\t\t\t\t\t\t<a href=\"https:\/\/indigenoustravels.com\/tienda-on-line\/\">\n\t\t\t\t\t\t\t<img loading=\"lazy\" decoding=\"async\" width=\"669\" height=\"446\" src=\"https:\/\/indigenoustravels.com\/wp-content\/uploads\/2026\/01\/Catedral-de-Sal.jpg\" class=\"attachment-large size-large wp-image-3389\" alt=\"\" srcset=\"https:\/\/indigenoustravels.com\/wp-content\/uploads\/2026\/01\/Catedral-de-Sal.jpg 669w, https:\/\/indigenoustravels.com\/wp-content\/uploads\/2026\/01\/Catedral-de-Sal-600x400.jpg 600w, https:\/\/indigenoustravels.com\/wp-content\/uploads\/2026\/01\/Catedral-de-Sal-300x200.jpg 300w, https:\/\/indigenoustravels.com\/wp-content\/uploads\/2026\/01\/Catedral-de-Sal-18x12.jpg 18w\" sizes=\"(max-width: 669px) 100vw, 669px\" \/>\t\t\t\t\t\t\t\t<\/a>\n\t\t\t\t\t\t\t\t\t\t\t<figcaption class=\"widget-image-caption wp-caption-text\">CATEDRAL DE SAL<\/figcaption>\n\t\t\t\t\t\t\t\t\t\t<\/figure>\n\t\t\t\t\t\t\t\t\t<\/div>\n\t\t\t\t<\/div>\n\t\t\t\t<\/div>\n\t\t\t\t<div class=\"elementor-element elementor-element-4f56cd2 elementor-align-center animated-slow elementor-invisible elementor-widget elementor-widget-button\" data-id=\"4f56cd2\" data-element_type=\"widget\" data-e-type=\"widget\" data-settings=\"{&quot;_animation&quot;:&quot;zoomInUp&quot;,&quot;_animation_delay&quot;:200}\" data-widget_type=\"button.default\">\n\t\t\t\t\t\t\t\t\t\t<a class=\"elementor-button elementor-button-link elementor-size-sm\" href=\"https:\/\/indigenoustravels.com\/tienda-on-line\/\">\n\t\t\t\t\t\t<span class=\"elementor-button-content-wrapper\">\n\t\t\t\t\t\t\t\t\t<span class=\"elementor-button-text\">RESERVA AHORA<\/span>\n\t\t\t\t\t<\/span>\n\t\t\t\t\t<\/a>\n\t\t\t\t\t\t\t\t<\/div>\n\t\t\t\t\t<\/div>\n\t\t\t\t<\/div>\n\t\t<div class=\"elementor-element elementor-element-2c6ccc0 e-flex e-con-boxed e-con e-parent\" data-id=\"2c6ccc0\" data-element_type=\"container\" data-e-type=\"container\" data-settings=\"{&quot;background_background&quot;:&quot;classic&quot;}\">\n\t\t\t\t\t<div class=\"e-con-inner\">\n\t\t\t\t<div class=\"elementor-element elementor-element-e774d74 animated-slow elementor-invisible elementor-widget elementor-widget-heading\" data-id=\"e774d74\" data-element_type=\"widget\" data-e-type=\"widget\" data-settings=\"{&quot;_animation&quot;:&quot;bounceInDown&quot;,&quot;_animation_delay&quot;:200}\" data-widget_type=\"heading.default\">\n\t\t\t\t\t<h2 class=\"elementor-heading-title elementor-size-default\">EXPLORA BOGOTA 2026<\/h2>\t\t\t\t<\/div>\n\t\t\t\t\t<\/div>\n\t\t\t\t<\/div>\n\t\t<div class=\"elementor-element elementor-element-feeb419 e-flex e-con-boxed e-con e-parent\" data-id=\"feeb419\" data-element_type=\"container\" data-e-type=\"container\" data-settings=\"{&quot;background_background&quot;:&quot;gradient&quot;}\">\n\t\t\t\t\t<div class=\"e-con-inner\">\n\t\t\t\t<div class=\"elementor-element elementor-element-b99f1a9 animated-slow elementor-invisible elementor-widget elementor-widget-text-editor\" data-id=\"b99f1a9\" data-element_type=\"widget\" data-e-type=\"widget\" data-settings=\"{&quot;_animation&quot;:&quot;slideInUp&quot;,&quot;_animation_delay&quot;:600}\" data-widget_type=\"text-editor.default\">\n\t\t\t\t\t\t\t\t\t<p data-start=\"29\" data-end=\"575\"><strong data-start=\"29\" data-end=\"52\">Explora Bogot\u00e1 2026<\/strong> es mucho m\u00e1s que un viaje: es una invitaci\u00f3n a descubrir una de las capitales m\u00e1s vibrantes, culturales y emocionantes de Am\u00e9rica Latina. Desde Santo Domingo hasta el coraz\u00f3n de Colombia, este tour internacional de <strong data-start=\"268\" data-end=\"289\">5 d\u00edas y 4 noches<\/strong> ha sido cuidadosamente dise\u00f1ado para viajeros que buscan experiencias aut\u00e9nticas, confort, cultura y momentos inolvidables. Si sue\u00f1as con caminar por calles llenas de historia, disfrutar paisajes urbanos impresionantes y vivir la esencia colombiana, <strong data-start=\"540\" data-end=\"563\">Explora Bogot\u00e1 2026<\/strong> es para ti.<\/p>\n<p data-start=\"577\" data-end=\"941\">Bogot\u00e1 es una ciudad que sorprende a cada paso. En <strong data-start=\"628\" data-end=\"651\">Explora Bogot\u00e1 2026<\/strong> conocer\u00e1s su lado hist\u00f3rico, art\u00edstico y moderno, combinando recorridos guiados con tiempo libre para que explores a tu ritmo. Este viaje es ideal tanto para quienes visitan Colombia por primera vez como para quienes desean redescubrirla desde una perspectiva m\u00e1s profunda y enriquecedora.<\/p>\n<p data-start=\"943\" data-end=\"1337\">Durante <strong data-start=\"951\" data-end=\"974\">Explora Bogot\u00e1 2026<\/strong>, te alojar\u00e1s en un hotel c\u00e9ntrico de 3\u2605 o 4\u2605, cuidadosamente seleccionado para garantizar comodidad, seguridad y f\u00e1cil acceso a los principales atractivos de la ciudad. Cada ma\u00f1ana comenzar\u00e1s el d\u00eda con desayunos incluidos, listos para llenarte de energ\u00eda antes de salir a explorar museos, plazas hist\u00f3ricas, miradores ic\u00f3nicos y zonas culturales llenas de vida.<\/p>\n<p data-start=\"1339\" data-end=\"1820\">Uno de los grandes atractivos de <strong data-start=\"1372\" data-end=\"1395\">Explora Bogot\u00e1 2026<\/strong> es su completo city tour guiado, donde podr\u00e1s conocer los puntos m\u00e1s emblem\u00e1ticos de la capital colombiana. Caminar\u00e1s por barrios hist\u00f3ricos llenos de color y tradici\u00f3n, descubrir\u00e1s plazas que han marcado la historia del pa\u00eds y tendr\u00e1s la oportunidad de apreciar el contraste entre la arquitectura colonial y la modernidad urbana. Todo acompa\u00f1ado por gu\u00edas expertos que har\u00e1n de cada recorrido una experiencia enriquecedora.<\/p>\n<p data-start=\"1822\" data-end=\"2240\"><strong data-start=\"1822\" data-end=\"1845\">Explora Bogot\u00e1 2026<\/strong> tambi\u00e9n te permitir\u00e1 disfrutar de momentos \u00fanicos de contemplaci\u00f3n y conexi\u00f3n. Desde miradores naturales con vistas espectaculares de la ciudad hasta espacios culturales que reflejan el alma creativa de Bogot\u00e1, este tour equilibra perfectamente la aventura, la cultura y el descanso. Adem\u00e1s, contar\u00e1s con asistencia personalizada durante todo el viaje, para que solo te preocupes por disfrutar.<\/p>\n<p data-start=\"2242\" data-end=\"2617\">Pensando en tu comodidad, <strong data-start=\"2268\" data-end=\"2291\">Explora Bogot\u00e1 2026<\/strong> incluye traslados aeropuerto\u2013hotel\u2013aeropuerto, lo que garantiza una experiencia organizada y sin contratiempos desde el primer hasta el \u00faltimo d\u00eda. Este es un viaje dise\u00f1ado para quienes valoran la planificaci\u00f3n, la seguridad y el acompa\u00f1amiento profesional, sin perder la emoci\u00f3n de descubrir un nuevo destino internacional.<\/p>\n<p data-start=\"2619\" data-end=\"3079\">Reservar tu lugar en <strong data-start=\"2640\" data-end=\"2663\">Explora Bogot\u00e1 2026<\/strong> es muy sencillo. Puedes asegurar tu cupo con un <strong data-start=\"2712\" data-end=\"2754\">dep\u00f3sito inicial de USD$300.00 d\u00f3lares<\/strong>, lo que te permite planificar con tranquilidad y aprovechar esta experiencia exclusiva. Pagas el completivo de tu experiencia en c\u00f3modas cuotas, brind\u00e1ndote flexibilidad financiera y tiempo suficiente para organizarte. Los cupos son limitados, por lo que reservar con anticipaci\u00f3n es clave para no perder la oportunidad.<\/p>\n<p data-start=\"3081\" data-end=\"3470\">Si est\u00e1s buscando una experiencia internacional que combine cultura, historia, paisajes urbanos impresionantes y una organizaci\u00f3n profesional, <strong data-start=\"3224\" data-end=\"3247\">Explora Bogot\u00e1 2026<\/strong> es la opci\u00f3n perfecta. Este tour no solo te llevar\u00e1 a conocer una ciudad fascinante, sino que tambi\u00e9n te permitir\u00e1 crear recuerdos duraderos, conectar con nuevas culturas y vivir una aventura internacional de primer nivel.<\/p>\n<p data-start=\"3472\" data-end=\"3824\" data-is-last-node=\"\" data-is-only-node=\"\">No dejes pasar esta oportunidad. <strong data-start=\"3505\" data-end=\"3528\">Explora Bogot\u00e1 2026<\/strong> es el viaje ideal para iniciar el a\u00f1o con nuevas experiencias, ampliar tus horizontes y descubrir por qu\u00e9 Bogot\u00e1 es considerada una de las ciudades m\u00e1s cautivadoras de la regi\u00f3n. Reserva hoy, asegura tu cupo con USD$300.00 y prep\u00e1rate para vivir una experiencia que recordar\u00e1s para siempre. <img decoding=\"async\" class=\"emoji\" role=\"img\" draggable=\"false\" src=\"https:\/\/s.w.org\/images\/core\/emoji\/17.0.2\/svg\/1f30e.svg\" alt=\"\ud83c\udf0e\" \/><img decoding=\"async\" class=\"emoji\" role=\"img\" draggable=\"false\" src=\"https:\/\/s.w.org\/images\/core\/emoji\/17.0.2\/svg\/2708.svg\" alt=\"\u2708\ufe0f\" \/>\u00a0Para mas informaci\u00f3n contacta al WhatsApp +1 829-639-9942<\/p>\t\t\t\t\t\t\t\t<\/div>\n\t\t\t\t\t<\/div>\n\t\t\t\t<\/div>\n\t\t\t\t<\/div>\n\t\t","protected":false},"excerpt":{"rendered":"<p>PARQUE TEMATICO J. DUQUE LA CASA LOCA MUSEO DEL ORO LAGUNA GUATAVITA CERRO DE MONSERRATE CATEDRAL DE SAL RESERVA AHORA&hellip;<\/p>\n","protected":false},"author":1,"featured_media":3281,"parent":0,"menu_order":0,"comment_status":"closed","ping_status":"closed","template":"","meta":{"site-sidebar-layout":"no-sidebar","site-content-layout":"","ast-site-content-layout":"full-width-container","site-content-style":"default","site-sidebar-style":"default","ast-global-header-display":"","ast-banner-title-visibility":"","ast-main-header-display":"","ast-hfb-above-header-display":"","ast-hfb-below-header-display":"","ast-hfb-mobile-header-display":"","site-post-title":"disabled","ast-breadcrumbs-content":"","ast-featured-img":"disabled","footer-sml-layout":"","theme-transparent-header-meta":"","adv-header-id-meta":"","stick-header-meta":"","header-above-stick-meta":"","header-main-stick-meta":"","header-below-stick-meta":"","astra-migrate-meta-layouts":"default","ast-page-background-enabled":"default","ast-page-background-meta":{"desktop":{"background-color":"var(--ast-global-color-5)","background-image":"","background-repeat":"repeat","background-position":"center center","background-size":"auto","background-attachment":"scroll","background-type":"","background-media":"","overlay-type":"","overlay-color":"","overlay-opacity":"","overlay-gradient":""},"tablet":{"background-color":"","background-image":"","background-repeat":"repeat","background-position":"center center","background-size":"auto","background-attachment":"scroll","background-type":"","background-media":"","overlay-type":"","overlay-color":"","overlay-opacity":"","overlay-gradient":""},"mobile":{"background-color":"","background-image":"","background-repeat":"repeat","background-position":"center center","background-size":"auto","background-attachment":"scroll","background-type":"","background-media":"","overlay-type":"","overlay-color":"","overlay-opacity":"","overlay-gradient":""}},"ast-content-background-meta":{"desktop":{"background-color":"var(--ast-global-color-4)","background-image":"","background-repeat":"repeat","background-position":"center center","background-size":"auto","background-attachment":"scroll","background-type":"","background-media":"","overlay-type":"","overlay-color":"","overlay-opacity":"","overlay-gradient":""},"tablet":{"background-color":"var(--ast-global-color-4)","background-image":"","background-repeat":"repeat","background-position":"center center","background-size":"auto","background-attachment":"scroll","background-type":"","background-media":"","overlay-type":"","overlay-color":"","overlay-opacity":"","overlay-gradient":""},"mobile":{"background-color":"var(--ast-global-color-4)","background-image":"","background-repeat":"repeat","background-position":"center center","background-size":"auto","background-attachment":"scroll","background-type":"","background-media":"","overlay-type":"","overlay-color":"","overlay-opacity":"","overlay-gradient":""}},"footnotes":""},"class_list":["post-3280","page","type-page","status-publish","has-post-thumbnail","hentry"],"_links":{"self":[{"href":"https:\/\/indigenoustravels.com\/es_do\/wp-json\/wp\/v2\/pages\/3280","targetHints":{"allow":["GET"]}}],"collection":[{"href":"https:\/\/indigenoustravels.com\/es_do\/wp-json\/wp\/v2\/pages"}],"about":[{"href":"https:\/\/indigenoustravels.com\/es_do\/wp-json\/wp\/v2\/types\/page"}],"author":[{"embeddable":true,"href":"https:\/\/indigenoustravels.com\/es_do\/wp-json\/wp\/v2\/users\/1"}],"replies":[{"embeddable":true,"href":"https:\/\/indigenoustravels.com\/es_do\/wp-json\/wp\/v2\/comments?post=3280"}],"version-history":[{"count":35,"href":"https:\/\/indigenoustravels.com\/es_do\/wp-json\/wp\/v2\/pages\/3280\/revisions"}],"predecessor-version":[{"id":3407,"href":"https:\/\/indigenoustravels.com\/es_do\/wp-json\/wp\/v2\/pages\/3280\/revisions\/3407"}],"wp:featuredmedia":[{"embeddable":true,"href":"https:\/\/indigenoustravels.com\/es_do\/wp-json\/wp\/v2\/media\/3281"}],"wp:attachment":[{"href":"https:\/\/indigenoustravels.com\/es_do\/wp-json\/wp\/v2\/media?parent=3280"}],"curies":[{"name":"wp","href":"https:\/\/api.w.org\/{rel}","templated":true}]}}