{"id":30,"date":"2025-05-18T09:55:00","date_gmt":"2025-05-18T09:55:00","guid":{"rendered":"https:\/\/indigenoustravels.com\/?page_id=30"},"modified":"2025-11-30T13:22:14","modified_gmt":"2025-11-30T17:22:14","slug":"la-cultura-indigena-exquisita-y-sublime-2025","status":"publish","type":"page","link":"https:\/\/indigenoustravels.com\/es_do\/la-cultura-indigena-exquisita-y-sublime-2025\/","title":{"rendered":"Cultura Ind\u00edgena Exquisita y Sublime 2025"},"content":{"rendered":"\t\t<div data-elementor-type=\"wp-page\" data-elementor-id=\"30\" class=\"elementor elementor-30\" data-elementor-post-type=\"page\">\n\t\t\t\t<div class=\"elementor-element elementor-element-5fff6815 e-flex e-con-boxed e-con e-parent\" data-id=\"5fff6815\" data-element_type=\"container\" data-e-type=\"container\" data-settings=\"{&quot;background_background&quot;:&quot;gradient&quot;}\">\n\t\t\t\t\t<div class=\"e-con-inner\">\n\t\t\t\t<div class=\"elementor-element elementor-element-7af0ec7 elementor-widget elementor-widget-image\" data-id=\"7af0ec7\" data-element_type=\"widget\" data-e-type=\"widget\" data-widget_type=\"image.default\">\n\t\t\t\t\t\t\t\t\t\t\t\t\t\t\t<img fetchpriority=\"high\" decoding=\"async\" width=\"1024\" height=\"768\" src=\"https:\/\/indigenoustravels.com\/wp-content\/uploads\/2025\/05\/Casabe1-1024x768.jpg\" class=\"attachment-large size-large wp-image-743\" alt=\"HOSPEDATE 365 CON INDIGENOUS\" srcset=\"https:\/\/indigenoustravels.com\/wp-content\/uploads\/2025\/05\/Casabe1-1024x768.jpg 1024w, https:\/\/indigenoustravels.com\/wp-content\/uploads\/2025\/05\/Casabe1-600x450.jpg 600w, https:\/\/indigenoustravels.com\/wp-content\/uploads\/2025\/05\/Casabe1-300x225.jpg 300w, https:\/\/indigenoustravels.com\/wp-content\/uploads\/2025\/05\/Casabe1-768x576.jpg 768w, https:\/\/indigenoustravels.com\/wp-content\/uploads\/2025\/05\/Casabe1-1536x1152.jpg 1536w, https:\/\/indigenoustravels.com\/wp-content\/uploads\/2025\/05\/Casabe1-2048x1536.jpg 2048w, https:\/\/indigenoustravels.com\/wp-content\/uploads\/2025\/05\/Casabe1-16x12.jpg 16w, https:\/\/indigenoustravels.com\/wp-content\/uploads\/2025\/05\/Casabe1-1320x990.jpg 1320w\" sizes=\"(max-width: 1024px) 100vw, 1024px\" \/>\t\t\t\t\t\t\t\t\t\t\t\t\t\t\t<\/div>\n\t\t\t\t<div class=\"elementor-element elementor-element-2dbcbe3 elementor-widget elementor-widget-heading\" data-id=\"2dbcbe3\" data-element_type=\"widget\" data-e-type=\"widget\" data-widget_type=\"heading.default\">\n\t\t\t\t\t<h2 class=\"elementor-heading-title elementor-size-default\">La Cultura Ind\u00edgena Exquisita y Sublime 2026.<\/h2>\t\t\t\t<\/div>\n\t\t\t\t<div class=\"elementor-element elementor-element-7b896eaf elementor-widget elementor-widget-text-editor\" data-id=\"7b896eaf\" data-element_type=\"widget\" data-e-type=\"widget\" data-widget_type=\"text-editor.default\">\n\t\t\t\t\t\t\t\t\t<p data-start=\"368\" data-end=\"1005\"><strong data-start=\"368\" data-end=\"418\">La Cultura Ind\u00edgena Exquisita y Sublime 2026.<\/strong> Es mucho m\u00e1s que un recorrido tur\u00edstico, es una vivencia espiritual y educativa que te conecta con las ra\u00edces ancestrales de la Rep\u00fablica Dominicana. Este viaje \u00fanico se ha dise\u00f1ado cuidadosamente para que los visitantes puedan sumergirse en la sabidur\u00eda, tradiciones y cosmovisi\u00f3n de nuestros pueblos originarios, especialmente los ta\u00ednos, quienes dejaron un legado cultural invaluable en todo el Caribe insular. Si est\u00e1s buscando una experiencia transformadora, te invitamos a descubrir c\u00f3mo <strong data-start=\"913\" data-end=\"936\">la cultura ind\u00edgena<\/strong> puede ser vivida con todos los sentidos en esta propuesta exclusiva.<\/p>\n<p data-start=\"1007\" data-end=\"1509\">Desde la llegada, ser\u00e1s recibido con una ceremonia simb\u00f3lica de bienvenida, inspirada en los antiguos rituales ta\u00ednos, en un entorno natural rodeado de monta\u00f1as, cuevas, r\u00edos y \u00e1rboles sagrados. El recorrido incluye visitas guiadas a sitios arqueol\u00f3gicos, exhibiciones de petroglifos, pr\u00e1cticas artesanales en barro y conchas, talleres de pintura con pigmentos naturales y degustaci\u00f3n de alimentos elaborados con t\u00e9cnicas ancestrales. Todo esto dentro de un enfoque de turismo comunitario y sostenible.<\/p>\n<p data-start=\"1511\" data-end=\"2054\"><strong data-start=\"368\" data-end=\"418\">La Cultura Ind\u00edgena Exquisita y Sublime 2026.<\/strong> ha sido dise\u00f1ada no solo como un producto tur\u00edstico, sino como una plataforma educativa que promueve la identidad cultural y el respeto por la tierra. A trav\u00e9s de nuestras alianzas con comunidades locales, artesanos, etn\u00f3grafos y gu\u00edas certificados, garantizamos autenticidad, seguridad y enriquecimiento personal en cada etapa del recorrido. Adem\u00e1s, parte de los ingresos generados son reinvertidos en proyectos comunitarios, reforzando el desarrollo social y econ\u00f3mico de las zonas rurales.<\/p>\n<p data-start=\"2056\" data-end=\"2552\">Uno de los espacios m\u00e1s destacados de este recorrido es la visita al <strong data-start=\"2125\" data-end=\"2140\">Museo Ta\u00edno<\/strong> de Altamira, donde podr\u00e1s explorar artefactos reales, r\u00e9plicas de cem\u00edes, y piezas ceremoniales. Tambi\u00e9n visitar\u00e1s una r\u00e9plica viva de un <strong data-start=\"2279\" data-end=\"2292\">yucayeque<\/strong> (aldea ind\u00edgena), donde actores locales recrean escenas de la vida cotidiana ta\u00edna. Este recorrido es ideal para familias, escuelas, universidades, investigadores y amantes de la historia. Puedes ver m\u00e1s sobre el <a class=\"cursor-pointer\" target=\"_new\" rel=\"noopener\" data-start=\"2506\" data-end=\"2551\">Museo Ta\u00edno aqu\u00ed<\/a>.<\/p>\n<p data-start=\"2554\" data-end=\"2918\">A nivel internacional, esta experiencia ha sido destacada por plataformas como <a class=\"\" href=\"https:\/\/www.nationalgeographic.com\" target=\"_new\" rel=\"noopener\" data-start=\"2633\" data-end=\"2690\">National Geographic<\/a>, reconociendo su valor como experiencia cultural sostenible. Asimismo, se alinea con los objetivos de la Organizaci\u00f3n Mundial del Turismo (OMT) sobre la promoci\u00f3n del patrimonio intangible y la participaci\u00f3n comunitaria activa.<\/p>\n<p data-start=\"2920\" data-end=\"3381\">Desde nuestra web oficial, puedes acceder al tour completo con opci\u00f3n de reservar directamente en <a class=\"cursor-pointer\" target=\"_new\" rel=\"noopener\" data-start=\"3018\" data-end=\"3089\">INDIGENOUS TRAVELS &amp; TOURS<\/a>. Adem\u00e1s, te invitamos a visitar nuestra secci\u00f3n sobre <a class=\"cursor-pointer\" target=\"_new\" rel=\"noopener\" data-start=\"3144\" data-end=\"3251\">Ecoturismo en Rep\u00fablica Dominicana<\/a> y <a class=\"cursor-pointer\" target=\"_new\" rel=\"noopener\" data-start=\"3254\" data-end=\"3347\">Excursiones con participaci\u00f3n comunitaria<\/a> para complementar tu experiencia.<\/p>\n<p data-start=\"3383\" data-end=\"3869\"><strong>La Cultura Ind\u00edgena Exquisita y Sublime 2026. <\/strong>No es solo un viaje hacia la historia, sino una introspecci\u00f3n hacia nuestros or\u00edgenes, una conexi\u00f3n viva con el entorno y una oportunidad de reconectar con lo esencial. Cada visitante se lleva no solo fotos, sino ense\u00f1anzas y emociones profundas que resuenan m\u00e1s all\u00e1 del viaje. Nuestro equipo est\u00e1 comprometido con ofrecerte una experiencia aut\u00e9ntica, protegida por los valores de sostenibilidad, respeto y colaboraci\u00f3n intercultural.<\/p>\n<p data-start=\"3871\" data-end=\"4291\">Al elegir <strong data-start=\"368\" data-end=\"418\">La Cultura Ind\u00edgena Exquisita y Sublime 2026<\/strong>, est\u00e1s siendo parte de un movimiento que valora la cultura viva, apoya a las comunidades locales y promueve el turismo con prop\u00f3sito. Te invitamos a reservar hoy mismo, explorar nuestras otras excursiones y unirte a una experiencia que marcar\u00e1 tu memoria para siempre. Porque entender el pasado con respeto es la mejor forma de construir un futuro consciente. INDIGENOUS TRAVELS &amp; TOURS, reconoce el valor que tienen\u00a0 las culturas del mundo; enaltece la historia de los grupos ind\u00edgenas, tales como: Tainos, Siboneyes, Incas, Caribes, Mayas, Aztecas, Toltecas, Zapotecas, Quechuas, Aymaras, Chibchas, Iroqueses, Sioux,\u00a0 Apaches, Mixtecas,\u00a0 Navajos, Inuit,\u00a0 Cheroke, Totonacas, Yanomami, Guaranies, Mapuches, Shuar, Tupi.\u00a0 Se estima que <strong data-start=\"442\" data-end=\"473\">m\u00e1s de 600 grupos ind\u00edgenas<\/strong> existieron antes de la llegada de los europeos.<\/p>\n<hr data-start=\"4293\" data-end=\"4296\" \/>\n<h2 data-start=\"4298\" data-end=\"4321\"><img decoding=\"async\" class=\"emoji\" role=\"img\" draggable=\"false\" src=\"https:\/\/s.w.org\/images\/core\/emoji\/16.0.1\/svg\/1f517.svg\" alt=\"\ud83d\udd17\" \/> ENLACES INTERNOS:<\/h2>\n<ul data-start=\"4322\" data-end=\"4407\">\n<li data-start=\"4322\" data-end=\"4338\">\n<p data-start=\"4324\" data-end=\"4338\"><a href=\"https:\/\/indigenoustravels.com\/viajes-excurciones\/\"><code data-start=\"4324\" data-end=\"4338\">\/excursiones<\/code><\/a><\/p>\n<\/li>\n<li data-start=\"4339\" data-end=\"4362\">\n<p data-start=\"4341\" data-end=\"4362\"><a href=\"https:\/\/indigenoustravels.com\/viajes-excurciones\/\"><code data-start=\"4341\" data-end=\"4362\">\/tours-comunitarios<\/code><\/a><\/p>\n<\/li>\n<li data-start=\"4363\" data-end=\"4407\">\n<p data-start=\"4365\" data-end=\"4407\"><a href=\"https:\/\/indigenoustravels.com\/descubre-las-3-claves-secretas-para-un-viaje-perfecto\/\"><code data-start=\"4365\" data-end=\"4407\">\/blog\/ecoturismo-en-republica-dominicana<\/code><\/a><\/p>\n<\/li>\n<\/ul>\n<h2 data-start=\"4409\" data-end=\"4432\"><img decoding=\"async\" class=\"emoji\" role=\"img\" draggable=\"false\" src=\"https:\/\/s.w.org\/images\/core\/emoji\/16.0.1\/svg\/1f517.svg\" alt=\"\ud83d\udd17\" \/> ENLACES EXTERNOS:<\/h2>\n<ul data-start=\"4433\" data-end=\"4535\">\n<li data-start=\"4433\" data-end=\"4469\">\n<p data-start=\"4435\" data-end=\"4469\"><a class=\"\" href=\"https:\/\/www.nationalgeographic.com\" target=\"_new\" rel=\"noopener\" data-start=\"4435\" data-end=\"4469\">https:\/\/www.nationalgeographic.com<\/a><\/p>\n<\/li>\n<\/ul>\n<h2>\u00a0<\/h2>\n<p>\u00a0<\/p>\n<p><\/p>\n<p><\/p>\t\t\t\t\t\t\t\t<\/div>\n\t\t\t\t\t<\/div>\n\t\t\t\t<\/div>\n\t\t<div class=\"elementor-element elementor-element-28313e9 e-flex e-con-boxed e-con e-parent\" data-id=\"28313e9\" data-element_type=\"container\" data-e-type=\"container\">\n\t\t\t\t\t<div class=\"e-con-inner\">\n\t\t\t\t\t<\/div>\n\t\t\t\t<\/div>\n\t\t\t\t<\/div>\n\t\t","protected":false},"excerpt":{"rendered":"<p>La Cultura Ind\u00edgena Exquisita y Sublime 2026. La Cultura Ind\u00edgena Exquisita y Sublime 2026. Es mucho m\u00e1s que un recorrido&hellip;<\/p>\n","protected":false},"author":1,"featured_media":808,"parent":0,"menu_order":0,"comment_status":"closed","ping_status":"closed","template":"","meta":{"site-sidebar-layout":"default","site-content-layout":"","ast-site-content-layout":"default","site-content-style":"default","site-sidebar-style":"default","ast-global-header-display":"","ast-banner-title-visibility":"","ast-main-header-display":"","ast-hfb-above-header-display":"","ast-hfb-below-header-display":"","ast-hfb-mobile-header-display":"","site-post-title":"","ast-breadcrumbs-content":"","ast-featured-img":"","footer-sml-layout":"","theme-transparent-header-meta":"","adv-header-id-meta":"","stick-header-meta":"","header-above-stick-meta":"","header-main-stick-meta":"","header-below-stick-meta":"","astra-migrate-meta-layouts":"default","ast-page-background-enabled":"default","ast-page-background-meta":{"desktop":{"background-color":"var(--ast-global-color-5)","background-image":"","background-repeat":"repeat","background-position":"center center","background-size":"auto","background-attachment":"scroll","background-type":"","background-media":"","overlay-type":"","overlay-color":"","overlay-opacity":"","overlay-gradient":""},"tablet":{"background-color":"","background-image":"","background-repeat":"repeat","background-position":"center center","background-size":"auto","background-attachment":"scroll","background-type":"","background-media":"","overlay-type":"","overlay-color":"","overlay-opacity":"","overlay-gradient":""},"mobile":{"background-color":"","background-image":"","background-repeat":"repeat","background-position":"center center","background-size":"auto","background-attachment":"scroll","background-type":"","background-media":"","overlay-type":"","overlay-color":"","overlay-opacity":"","overlay-gradient":""}},"ast-content-background-meta":{"desktop":{"background-color":"var(--ast-global-color-4)","background-image":"","background-repeat":"repeat","background-position":"center center","background-size":"auto","background-attachment":"scroll","background-type":"","background-media":"","overlay-type":"","overlay-color":"","overlay-opacity":"","overlay-gradient":""},"tablet":{"background-color":"var(--ast-global-color-4)","background-image":"","background-repeat":"repeat","background-position":"center center","background-size":"auto","background-attachment":"scroll","background-type":"","background-media":"","overlay-type":"","overlay-color":"","overlay-opacity":"","overlay-gradient":""},"mobile":{"background-color":"var(--ast-global-color-4)","background-image":"","background-repeat":"repeat","background-position":"center center","background-size":"auto","background-attachment":"scroll","background-type":"","background-media":"","overlay-type":"","overlay-color":"","overlay-opacity":"","overlay-gradient":""}},"footnotes":""},"class_list":["post-30","page","type-page","status-publish","has-post-thumbnail","hentry"],"_links":{"self":[{"href":"https:\/\/indigenoustravels.com\/es_do\/wp-json\/wp\/v2\/pages\/30","targetHints":{"allow":["GET"]}}],"collection":[{"href":"https:\/\/indigenoustravels.com\/es_do\/wp-json\/wp\/v2\/pages"}],"about":[{"href":"https:\/\/indigenoustravels.com\/es_do\/wp-json\/wp\/v2\/types\/page"}],"author":[{"embeddable":true,"href":"https:\/\/indigenoustravels.com\/es_do\/wp-json\/wp\/v2\/users\/1"}],"replies":[{"embeddable":true,"href":"https:\/\/indigenoustravels.com\/es_do\/wp-json\/wp\/v2\/comments?post=30"}],"version-history":[{"count":43,"href":"https:\/\/indigenoustravels.com\/es_do\/wp-json\/wp\/v2\/pages\/30\/revisions"}],"predecessor-version":[{"id":3211,"href":"https:\/\/indigenoustravels.com\/es_do\/wp-json\/wp\/v2\/pages\/30\/revisions\/3211"}],"wp:featuredmedia":[{"embeddable":true,"href":"https:\/\/indigenoustravels.com\/es_do\/wp-json\/wp\/v2\/media\/808"}],"wp:attachment":[{"href":"https:\/\/indigenoustravels.com\/es_do\/wp-json\/wp\/v2\/media?parent=30"}],"curies":[{"name":"wp","href":"https:\/\/api.w.org\/{rel}","templated":true}]}}