{"id":3514,"date":"2026-01-29T16:04:48","date_gmt":"2026-01-29T20:04:48","guid":{"rendered":"https:\/\/indigenoustravels.com\/?post_type=product&#038;p=3514"},"modified":"2026-01-31T09:53:46","modified_gmt":"2026-01-31T13:53:46","slug":"tour-damajagua-360","status":"publish","type":"product","link":"https:\/\/indigenoustravels.com\/en\/product\/tour-damajagua-360\/","title":{"rendered":"TOUR DAMAJAGUA 360"},"content":{"rendered":"<p>El <strong>tour<\/strong> <strong>Damajagua 360 <\/strong>te ofrece la m\u00e1gica experiencia de visitar los <strong>Saltos de Damajagua<\/strong>, una de las experiencias ecotur\u00edsticas y aventura m\u00e1s emblem\u00e1ticas de la Rep\u00fablica Dominicana, ubicada en la provincia de Puerto Plata.<\/p>\n<p>Esta excursi\u00f3n combina <strong>caminata ecol\u00f3gica<\/strong>, <strong>descenso por cascadas<\/strong>, <strong>saltos naturales<\/strong>,<strong> piscinas cristalinas<\/strong>, <strong>recorridos en ziplines<\/strong> y <strong>buggys<\/strong> dentro de un entorno natural protegido, con un gran valor ambiental. El recorrido se realiza acompa\u00f1ado por <strong>gu\u00edas certificados<\/strong>, garantizando seguridad y orientaci\u00f3n durante toda la experiencia.<\/p>","protected":false},"excerpt":{"rendered":"<p><strong>INDIGENOUS TRAVELS &amp; TOURS<\/strong>, te invita a visitar los Saltos de Damajagua, para que vivas una experiencia \u00fanica, que integra <strong>naturaleza, aventura, cultura local y diversi\u00f3n asegurada<\/strong>, convirti\u00e9ndose en una parada obligatoria para quienes visitan la regi\u00f3n norte de la Rep\u00fablica Dominicana.<\/p>\n<p>Adem\u00e1s de la aventura, el tour permite al visitante conocer la importancia ecol\u00f3gica del \u00e1rea y su modelo de gesti\u00f3n comunitaria, donde participan directamente habitantes locales, promoviendo el <strong>turismo sostenible<\/strong> y la conservaci\u00f3n de los recursos naturales. La experiencia tiene una duraci\u00f3n aproximada de <strong>4 a 5 horas<\/strong>, dependiendo del n\u00famero de saltos habilitados y las condiciones clim\u00e1ticas. Es recomendada para personas activas con condici\u00f3n f\u00edsica b\u00e1sica, el nivel de dificultad es <strong>moderado.<\/strong><\/p>","protected":false},"featured_media":3515,"comment_status":"closed","ping_status":"closed","template":"","meta":{"site-sidebar-layout":"default","site-content-layout":"","ast-site-content-layout":"default","site-content-style":"default","site-sidebar-style":"default","ast-global-header-display":"","ast-banner-title-visibility":"","ast-main-header-display":"","ast-hfb-above-header-display":"","ast-hfb-below-header-display":"","ast-hfb-mobile-header-display":"","site-post-title":"","ast-breadcrumbs-content":"","ast-featured-img":"","footer-sml-layout":"","theme-transparent-header-meta":"default","adv-header-id-meta":"","stick-header-meta":"","header-above-stick-meta":"","header-main-stick-meta":"","header-below-stick-meta":"","astra-migrate-meta-layouts":"set","ast-page-background-enabled":"default","ast-page-background-meta":{"desktop":{"background-color":"var(--ast-global-color-5)","background-image":"","background-repeat":"repeat","background-position":"center center","background-size":"auto","background-attachment":"scroll","background-type":"","background-media":"","overlay-type":"","overlay-color":"","overlay-opacity":"","overlay-gradient":""},"tablet":{"background-color":"","background-image":"","background-repeat":"repeat","background-position":"center center","background-size":"auto","background-attachment":"scroll","background-type":"","background-media":"","overlay-type":"","overlay-color":"","overlay-opacity":"","overlay-gradient":""},"mobile":{"background-color":"","background-image":"","background-repeat":"repeat","background-position":"center center","background-size":"auto","background-attachment":"scroll","background-type":"","background-media":"","overlay-type":"","overlay-color":"","overlay-opacity":"","overlay-gradient":""}},"ast-content-background-meta":{"desktop":{"background-color":"var(--ast-global-color-4)","background-image":"","background-repeat":"repeat","background-position":"center center","background-size":"auto","background-attachment":"scroll","background-type":"","background-media":"","overlay-type":"","overlay-color":"","overlay-opacity":"","overlay-gradient":""},"tablet":{"background-color":"var(--ast-global-color-4)","background-image":"","background-repeat":"repeat","background-position":"center center","background-size":"auto","background-attachment":"scroll","background-type":"","background-media":"","overlay-type":"","overlay-color":"","overlay-opacity":"","overlay-gradient":""},"mobile":{"background-color":"var(--ast-global-color-4)","background-image":"","background-repeat":"repeat","background-position":"center center","background-size":"auto","background-attachment":"scroll","background-type":"","background-media":"","overlay-type":"","overlay-color":"","overlay-opacity":"","overlay-gradient":""}}},"product_brand":[29],"product_cat":[27,25,26],"product_tag":[76,58,77,44],"class_list":{"0":"post-3514","1":"product","2":"type-product","3":"status-publish","4":"has-post-thumbnail","6":"product_brand-indigenous-travels-tours","7":"product_cat-aventura","8":"product_cat-eco-aventura","9":"product_cat-naturaleza","10":"product_tag-damajagua","11":"product_tag-indigenoustravels","12":"product_tag-tour","13":"product_tag-ecoturismo","14":"desktop-align-left","15":"tablet-align-left","16":"mobile-align-center","18":"first","19":"onbackorder","20":"sale","21":"taxable","22":"shipping-taxable","23":"purchasable","24":"product-type-simple"},"_links":{"self":[{"href":"https:\/\/indigenoustravels.com\/en\/wp-json\/wp\/v2\/product\/3514","targetHints":{"allow":["GET"]}}],"collection":[{"href":"https:\/\/indigenoustravels.com\/en\/wp-json\/wp\/v2\/product"}],"about":[{"href":"https:\/\/indigenoustravels.com\/en\/wp-json\/wp\/v2\/types\/product"}],"replies":[{"embeddable":true,"href":"https:\/\/indigenoustravels.com\/en\/wp-json\/wp\/v2\/comments?post=3514"}],"version-history":[{"count":1,"href":"https:\/\/indigenoustravels.com\/en\/wp-json\/wp\/v2\/product\/3514\/revisions"}],"predecessor-version":[{"id":3520,"href":"https:\/\/indigenoustravels.com\/en\/wp-json\/wp\/v2\/product\/3514\/revisions\/3520"}],"wp:featuredmedia":[{"embeddable":true,"href":"https:\/\/indigenoustravels.com\/en\/wp-json\/wp\/v2\/media\/3515"}],"wp:attachment":[{"href":"https:\/\/indigenoustravels.com\/en\/wp-json\/wp\/v2\/media?parent=3514"}],"wp:term":[{"taxonomy":"product_brand","embeddable":true,"href":"https:\/\/indigenoustravels.com\/en\/wp-json\/wp\/v2\/product_brand?post=3514"},{"taxonomy":"product_cat","embeddable":true,"href":"https:\/\/indigenoustravels.com\/en\/wp-json\/wp\/v2\/product_cat?post=3514"},{"taxonomy":"product_tag","embeddable":true,"href":"https:\/\/indigenoustravels.com\/en\/wp-json\/wp\/v2\/product_tag?post=3514"}],"curies":[{"name":"wp","href":"https:\/\/api.w.org\/{rel}","templated":true}]}}