{"id":3509,"date":"2026-01-29T15:18:10","date_gmt":"2026-01-29T19:18:10","guid":{"rendered":"https:\/\/indigenoustravels.com\/?post_type=product&#038;p=3509"},"modified":"2026-01-31T09:55:33","modified_gmt":"2026-01-31T13:55:33","slug":"santo-domingo-bogota-2026","status":"publish","type":"product","link":"https:\/\/indigenoustravels.com\/en\/product\/santo-domingo-bogota-2026\/","title":{"rendered":"SANTO DOMINGO-BOGOTA 2026"},"content":{"rendered":"<p><span style=\"color: #000000;\"><strong>Explora Bogot\u00e1 2026<\/strong> es mucho m\u00e1s que un viaje: es una invitaci\u00f3n a descubrir una de las capitales m\u00e1s vibrantes, culturales y emocionantes de Am\u00e9rica Latina. Desde Santo Domingo hasta el coraz\u00f3n de Colombia, este tour internacional de <strong>4 noches y<\/strong> <strong>5 d\u00edas<\/strong> ha sido cuidadosamente dise\u00f1ado para viajeros que buscan experiencias aut\u00e9nticas, aventura, cultura y momentos inolvidables. Si sue\u00f1as con caminar por calles llenas de historia, disfrutar paisajes urbanos impresionantes y vivir la esencia colombiana, <strong>Explora Bogot\u00e1 2026<\/strong> es para ti.!!!<\/span><\/p>\n<p><span style=\"color: #000000;\">Bogot\u00e1 es una ciudad que sorprende a cada paso. En <strong>Explora Bogot\u00e1 2026<\/strong> conocer\u00e1s su lado hist\u00f3rico, art\u00edstico y moderno, combinando recorridos guiados con tiempo libre para que explores a tu ritmo. Este viaje es ideal tanto para quienes visitan Colombia por primera vez como para quienes desean redescubrirla desde una perspectiva m\u00e1s profunda y enriquecedora.<\/span><\/p>\n<p><span style=\"color: #000000;\">No dejes pasar esta oportunidad. <strong>Explora Bogot\u00e1 2026<\/strong> es el viaje ideal para iniciar el a\u00f1o con nuevas experiencias, ampliar tus horizontes y descubrir por qu\u00e9 Bogot\u00e1 es considerada una de las ciudades m\u00e1s cautivadoras de la regi\u00f3n. Reserva hoy, asegura tu cupo con USD$500.00 y prep\u00e1rate para vivir una experiencia inolvidable. Contamos con planes de pagos en cuotas flexibles, puedes completar el pago total en cuatro (04) cuotas quincenales; previo a los treinta (30) d\u00edas a la fecha de tu Viaje.<\/span><\/p>","protected":false},"excerpt":{"rendered":"<p><span style=\"color: #000000;\">INDIGENOUS TRAVESL &amp; TOURS, te lleva a EXPLORAR BOGOTA, durante 5 dias, disfrutar\u00e1s, conocer\u00e1s y descubrir\u00e1s lugares maravillosos en la encantadora ciudad de Bogot\u00e1.<\/span><\/p>","protected":false},"featured_media":3510,"comment_status":"closed","ping_status":"closed","template":"","meta":{"site-sidebar-layout":"default","site-content-layout":"","ast-site-content-layout":"default","site-content-style":"default","site-sidebar-style":"default","ast-global-header-display":"","ast-banner-title-visibility":"","ast-main-header-display":"","ast-hfb-above-header-display":"","ast-hfb-below-header-display":"","ast-hfb-mobile-header-display":"","site-post-title":"","ast-breadcrumbs-content":"","ast-featured-img":"","footer-sml-layout":"","theme-transparent-header-meta":"default","adv-header-id-meta":"","stick-header-meta":"","header-above-stick-meta":"","header-main-stick-meta":"","header-below-stick-meta":"","astra-migrate-meta-layouts":"set","ast-page-background-enabled":"default","ast-page-background-meta":{"desktop":{"background-color":"var(--ast-global-color-5)","background-image":"","background-repeat":"repeat","background-position":"center center","background-size":"auto","background-attachment":"scroll","background-type":"","background-media":"","overlay-type":"","overlay-color":"","overlay-opacity":"","overlay-gradient":""},"tablet":{"background-color":"","background-image":"","background-repeat":"repeat","background-position":"center center","background-size":"auto","background-attachment":"scroll","background-type":"","background-media":"","overlay-type":"","overlay-color":"","overlay-opacity":"","overlay-gradient":""},"mobile":{"background-color":"","background-image":"","background-repeat":"repeat","background-position":"center center","background-size":"auto","background-attachment":"scroll","background-type":"","background-media":"","overlay-type":"","overlay-color":"","overlay-opacity":"","overlay-gradient":""}},"ast-content-background-meta":{"desktop":{"background-color":"var(--ast-global-color-4)","background-image":"","background-repeat":"repeat","background-position":"center center","background-size":"auto","background-attachment":"scroll","background-type":"","background-media":"","overlay-type":"","overlay-color":"","overlay-opacity":"","overlay-gradient":""},"tablet":{"background-color":"var(--ast-global-color-4)","background-image":"","background-repeat":"repeat","background-position":"center center","background-size":"auto","background-attachment":"scroll","background-type":"","background-media":"","overlay-type":"","overlay-color":"","overlay-opacity":"","overlay-gradient":""},"mobile":{"background-color":"var(--ast-global-color-4)","background-image":"","background-repeat":"repeat","background-position":"center center","background-size":"auto","background-attachment":"scroll","background-type":"","background-media":"","overlay-type":"","overlay-color":"","overlay-opacity":"","overlay-gradient":""}}},"product_brand":[29],"product_cat":[60],"product_tag":[68,58,63],"class_list":{"0":"post-3509","1":"product","2":"type-product","3":"status-publish","4":"has-post-thumbnail","6":"product_brand-indigenous-travels-tours","7":"product_cat-tour-internacional","8":"product_tag-bogota","9":"product_tag-indigenoustravels","10":"product_tag-internacional","11":"desktop-align-left","12":"tablet-align-left","13":"mobile-align-center","15":"first","16":"onbackorder","17":"sale","18":"taxable","19":"shipping-taxable","20":"purchasable","21":"product-type-simple"},"_links":{"self":[{"href":"https:\/\/indigenoustravels.com\/en\/wp-json\/wp\/v2\/product\/3509","targetHints":{"allow":["GET"]}}],"collection":[{"href":"https:\/\/indigenoustravels.com\/en\/wp-json\/wp\/v2\/product"}],"about":[{"href":"https:\/\/indigenoustravels.com\/en\/wp-json\/wp\/v2\/types\/product"}],"replies":[{"embeddable":true,"href":"https:\/\/indigenoustravels.com\/en\/wp-json\/wp\/v2\/comments?post=3509"}],"version-history":[{"count":3,"href":"https:\/\/indigenoustravels.com\/en\/wp-json\/wp\/v2\/product\/3509\/revisions"}],"predecessor-version":[{"id":3513,"href":"https:\/\/indigenoustravels.com\/en\/wp-json\/wp\/v2\/product\/3509\/revisions\/3513"}],"wp:featuredmedia":[{"embeddable":true,"href":"https:\/\/indigenoustravels.com\/en\/wp-json\/wp\/v2\/media\/3510"}],"wp:attachment":[{"href":"https:\/\/indigenoustravels.com\/en\/wp-json\/wp\/v2\/media?parent=3509"}],"wp:term":[{"taxonomy":"product_brand","embeddable":true,"href":"https:\/\/indigenoustravels.com\/en\/wp-json\/wp\/v2\/product_brand?post=3509"},{"taxonomy":"product_cat","embeddable":true,"href":"https:\/\/indigenoustravels.com\/en\/wp-json\/wp\/v2\/product_cat?post=3509"},{"taxonomy":"product_tag","embeddable":true,"href":"https:\/\/indigenoustravels.com\/en\/wp-json\/wp\/v2\/product_tag?post=3509"}],"curies":[{"name":"wp","href":"https:\/\/api.w.org\/{rel}","templated":true}]}}