{"id":3300,"date":"2026-01-05T18:31:27","date_gmt":"2026-01-05T22:31:27","guid":{"rendered":"https:\/\/indigenoustravels.com\/?post_type=product&#038;p=3300"},"modified":"2026-01-12T18:32:31","modified_gmt":"2026-01-12T22:32:31","slug":"explora-bogota-2026","status":"publish","type":"product","link":"https:\/\/indigenoustravels.com\/en\/product\/explora-bogota-2026\/","title":{"rendered":"Explora Bogot\u00e1 2026"},"content":{"rendered":"<p>Este Tour Internacional dise\u00f1ado y estructurado por INDIGENOUS TRAVELS &amp; TOURS, dentro de la log\u00edstica en la Rep\u00fablica Dominicana, incluye Pasajes A\u00e9reos Internacionales Ida y Vuelta en la clase Confort de Arajet, Transporte en Autob\u00fas Climatizado desde Santiago de los Caballeros hasta el Aeropuerto Las Am\u00e9ricas y su retorno a Santiago de los Caballeros. Nuestro Socio Estrat\u00e9gico en Colombia CONSCIENTE TRAVELS, nos dar\u00e1n la Bienvenida y nos trasladaran al hotel donde nos hospedaremos. Inici\u00e1ndose al d\u00eda siguiente todas las actividades recreativas que nos tienen preparadas, para el disfrute y deleite de todos.<\/p>","protected":false},"excerpt":{"rendered":"<p>Vive una emocionante e incre\u00edble experiencia 5 D\u00edas y 4 Noches de la mano de INDIGENOUS TRAVELS &amp; TOURS. Acomp\u00e1\u00f1anos a Explorar Bogot\u00e1 2026<\/p>","protected":false},"featured_media":3281,"comment_status":"closed","ping_status":"closed","template":"","meta":{"site-sidebar-layout":"default","site-content-layout":"","ast-site-content-layout":"default","site-content-style":"default","site-sidebar-style":"default","ast-global-header-display":"","ast-banner-title-visibility":"","ast-main-header-display":"","ast-hfb-above-header-display":"","ast-hfb-below-header-display":"","ast-hfb-mobile-header-display":"","site-post-title":"","ast-breadcrumbs-content":"","ast-featured-img":"","footer-sml-layout":"","theme-transparent-header-meta":"default","adv-header-id-meta":"","stick-header-meta":"","header-above-stick-meta":"","header-main-stick-meta":"","header-below-stick-meta":"","astra-migrate-meta-layouts":"set","ast-page-background-enabled":"default","ast-page-background-meta":{"desktop":{"background-color":"var(--ast-global-color-5)","background-image":"","background-repeat":"repeat","background-position":"center center","background-size":"auto","background-attachment":"scroll","background-type":"","background-media":"","overlay-type":"","overlay-color":"","overlay-opacity":"","overlay-gradient":""},"tablet":{"background-color":"","background-image":"","background-repeat":"repeat","background-position":"center center","background-size":"auto","background-attachment":"scroll","background-type":"","background-media":"","overlay-type":"","overlay-color":"","overlay-opacity":"","overlay-gradient":""},"mobile":{"background-color":"","background-image":"","background-repeat":"repeat","background-position":"center center","background-size":"auto","background-attachment":"scroll","background-type":"","background-media":"","overlay-type":"","overlay-color":"","overlay-opacity":"","overlay-gradient":""}},"ast-content-background-meta":{"desktop":{"background-color":"var(--ast-global-color-4)","background-image":"","background-repeat":"repeat","background-position":"center center","background-size":"auto","background-attachment":"scroll","background-type":"","background-media":"","overlay-type":"","overlay-color":"","overlay-opacity":"","overlay-gradient":""},"tablet":{"background-color":"var(--ast-global-color-4)","background-image":"","background-repeat":"repeat","background-position":"center center","background-size":"auto","background-attachment":"scroll","background-type":"","background-media":"","overlay-type":"","overlay-color":"","overlay-opacity":"","overlay-gradient":""},"mobile":{"background-color":"var(--ast-global-color-4)","background-image":"","background-repeat":"repeat","background-position":"center center","background-size":"auto","background-attachment":"scroll","background-type":"","background-media":"","overlay-type":"","overlay-color":"","overlay-opacity":"","overlay-gradient":""}}},"product_brand":[29],"product_cat":[60],"product_tag":[68,61,58,63],"class_list":{"0":"post-3300","1":"product","2":"type-product","3":"status-publish","4":"has-post-thumbnail","6":"product_brand-indigenous-travels-tours","7":"product_cat-tour-internacional","8":"product_tag-bogota","9":"product_tag-colombia","10":"product_tag-indigenoustravels","11":"product_tag-internacional","12":"desktop-align-left","13":"tablet-align-left","14":"mobile-align-center","16":"first","17":"onbackorder","18":"sale","19":"virtual","20":"taxable","21":"purchasable","22":"product-type-simple"},"_links":{"self":[{"href":"https:\/\/indigenoustravels.com\/en\/wp-json\/wp\/v2\/product\/3300","targetHints":{"allow":["GET"]}}],"collection":[{"href":"https:\/\/indigenoustravels.com\/en\/wp-json\/wp\/v2\/product"}],"about":[{"href":"https:\/\/indigenoustravels.com\/en\/wp-json\/wp\/v2\/types\/product"}],"replies":[{"embeddable":true,"href":"https:\/\/indigenoustravels.com\/en\/wp-json\/wp\/v2\/comments?post=3300"}],"version-history":[{"count":3,"href":"https:\/\/indigenoustravels.com\/en\/wp-json\/wp\/v2\/product\/3300\/revisions"}],"predecessor-version":[{"id":3409,"href":"https:\/\/indigenoustravels.com\/en\/wp-json\/wp\/v2\/product\/3300\/revisions\/3409"}],"wp:featuredmedia":[{"embeddable":true,"href":"https:\/\/indigenoustravels.com\/en\/wp-json\/wp\/v2\/media\/3281"}],"wp:attachment":[{"href":"https:\/\/indigenoustravels.com\/en\/wp-json\/wp\/v2\/media?parent=3300"}],"wp:term":[{"taxonomy":"product_brand","embeddable":true,"href":"https:\/\/indigenoustravels.com\/en\/wp-json\/wp\/v2\/product_brand?post=3300"},{"taxonomy":"product_cat","embeddable":true,"href":"https:\/\/indigenoustravels.com\/en\/wp-json\/wp\/v2\/product_cat?post=3300"},{"taxonomy":"product_tag","embeddable":true,"href":"https:\/\/indigenoustravels.com\/en\/wp-json\/wp\/v2\/product_tag?post=3300"}],"curies":[{"name":"wp","href":"https:\/\/api.w.org\/{rel}","templated":true}]}}