{"id":2740,"date":"2025-11-07T16:04:09","date_gmt":"2025-11-07T20:04:09","guid":{"rendered":"https:\/\/indigenoustravels.com\/?post_type=product&#038;p=2740"},"modified":"2026-01-31T12:56:53","modified_gmt":"2026-01-31T16:56:53","slug":"salto-alto-indigenous-travels-2026","status":"publish","type":"product","link":"https:\/\/indigenoustravels.com\/en\/product\/salto-alto-indigenous-travels-2026\/","title":{"rendered":"SALTO ALTO-BAYAGUANA"},"content":{"rendered":"<div data-elementor-type=\"product-post\" data-elementor-id=\"2740\" class=\"elementor elementor-2740\" data-elementor-post-type=\"product\">\n\t\t\t\t<div class=\"elementor-element elementor-element-6c483340 e-con-full e-flex e-con e-parent\" data-id=\"6c483340\" data-element_type=\"container\" data-e-type=\"container\" data-settings=\"{&quot;background_background&quot;:&quot;gradient&quot;}\">\n\t\t\t\t<div class=\"elementor-element elementor-element-4ca0031e elementor-widget elementor-widget-text-editor\" data-id=\"4ca0031e\" data-element_type=\"widget\" data-e-type=\"widget\" data-widget_type=\"text-editor.default\">\n\t\t\t\t\t\t\t\t\t<h2 data-start=\"166\" data-end=\"231\"><span style=\"color: #ff6600;\">Salto Alto-Indigenous Travels 2025 <\/span><\/h2><h2 data-start=\"166\" data-end=\"231\">\ud83c\udfde\ufe0f <span style=\"color: #00ff00;\"><strong data-start=\"173\" data-end=\"231\">Tour: Salto Alto \u2013 Un Encuentro con la Naturaleza Viva<\/strong><\/span><\/h2><p data-start=\"233\" data-end=\"554\"><span style=\"color: #0000ff;\"><strong data-start=\"233\" data-end=\"271\"><span style=\"color: #ffff00;\">\"Descubre la magia del \u201cSalto Alto\u201d<\/span><\/strong><\/span><\/p><p style=\"text-align: center;\">Visitar Salto Alto es adentrarse en un rinc\u00f3n de la Rep\u00fablica Dominicana donde el agua, la roca, la vegetaci\u00f3n y el sosiego se unen para ofrecerte una experiencia aut\u00e9ntica. Esperamos que, con esta gu\u00eda, tu paso por Salto Alto sea memorable, y conectes profundamente con la naturaleza de Monte Plata.<\/p><p style=\"text-align: center;\"><span style=\"color: #000000;\"><span style=\"color: #ffffff;\">Una de las joyas naturales m\u00e1s impresionantes de la Rep\u00fablica Dominicana. Este tour te lleva a explorar cascadas cristalinas enclavadas entre monta\u00f1as y bosques tropicales, donde el sonido del agua y el canto de las aves crean una experiencia de conexi\u00f3n total con la naturaleza. Salto Alto-Indigenous Travels 2025.<\/span>\u00a0<a href=\"https:\/\/indigenoustravels.com\/en\/tienda-on-line\/\">TIENDA ON-LINE OFICIAL DE INDIGENOUS TRAVELS<\/a><\/span><\/p><p data-start=\"556\" data-end=\"835\">Sum\u00e9rgete en pozas naturales en <span style=\"color: #ffffff;\">Salto Alto-Indigenous Travels 2025.<\/span> Disfruta de vistas panor\u00e1micas y siente la energ\u00eda del entorno mientras caminas por senderos ecol\u00f3gicos rodeados de vegetaci\u00f3n exuberante. Perfecto para aventureros, familias, grupos de amigos o parejas que buscan un d\u00eda inolvidable al aire libre.\u00a0<a href=\"https:\/\/www.mitur.gob.do\/\">https:\/\/www.mitur.gob.do\/<\/a><\/p><p data-start=\"837\" data-end=\"987\">\ud83c\udf3a <span style=\"color: #0000ff;\"><strong data-start=\"840\" data-end=\"868\">Ideal para todo p\u00fablico:<\/strong><\/span> no se requiere experiencia previa, solo ganas de disfrutar, relajarte y vivir un contacto aut\u00e9ntico con la naturaleza en <span style=\"color: #ffffff;\">Salto Alto-Indigenous Travels 2025.<\/span><\/p><hr data-start=\"989\" data-end=\"992\" \/><h2 data-start=\"994\" data-end=\"1033\">\ud83d\udc55 <span style=\"color: #ff6600;\"><strong data-start=\"1000\" data-end=\"1033\">Recomendaciones de Vestimenta<\/strong><\/span><\/h2><ul data-start=\"1034\" data-end=\"1281\"><li data-start=\"1034\" data-end=\"1078\"><p style=\"text-align: left;\" data-start=\"1036\" data-end=\"1078\">Ropa ligera y c\u00f3moda (de secado r\u00e1pido).<\/p><\/li><li style=\"text-align: left;\" data-start=\"1079\" data-end=\"1132\"><p data-start=\"1081\" data-end=\"1132\">Traje de ba\u00f1o y sandalias o zapatillas acu\u00e1ticas.<\/p><\/li><li style=\"text-align: left;\" data-start=\"1133\" data-end=\"1181\"><p data-start=\"1135\" data-end=\"1181\">Calzado deportivo o de monta\u00f1a para caminar.<\/p><\/li><li style=\"text-align: left;\" data-start=\"1182\" data-end=\"1236\"><p data-start=\"1184\" data-end=\"1236\">Sombrero o gorra, lentes de sol y protector solar.<\/p><\/li><li data-start=\"1237\" data-end=\"1281\"><p style=\"text-align: left;\" data-start=\"1239\" data-end=\"1281\">Toalla y ropa adicional para el regreso.<\/p><\/li><\/ul><hr data-start=\"1283\" data-end=\"1286\" \/><h2 data-start=\"1288\" data-end=\"1313\">\ud83c\udf92 <span style=\"color: #ff0000;\"><strong data-start=\"1294\" data-end=\"1313\">El Tour Incluye<\/strong><\/span><\/h2><p style=\"text-align: left;\" data-start=\"1314\" data-end=\"1648\"><span style=\"color: #ffffff;\">\u2705 Transporte terrestre ida y vuelta.<\/span><br data-start=\"1350\" data-end=\"1353\" \/><span style=\"color: #ffffff;\">\u2705 Entrada al \u00e1rea protegida de <strong data-start=\"1385\" data-end=\"1399\">Salto Alto<\/strong>.<\/span><br data-start=\"1400\" data-end=\"1403\" \/><span style=\"color: #ffffff;\">\u2705 Gu\u00eda tur\u00edstico local certificado.<\/span><br data-start=\"1438\" data-end=\"1441\" \/><span style=\"color: #ffffff;\">\u2705 Refrigerio o almuerzo t\u00edpico.<\/span><br data-start=\"1489\" data-end=\"1492\" \/><span style=\"color: #ffffff;\">\u2705 Agua embotellada.<\/span><br data-start=\"1531\" data-end=\"1534\" \/><span style=\"color: #ffffff;\">\u2705 Equipo b\u00e1sico de seguridad.<\/span><br data-start=\"1603\" data-end=\"1606\" \/><span style=\"color: #ffffff;\">\u2705 Tiempo libre para ba\u00f1os y fotograf\u00edas.<\/span><\/p><hr data-start=\"1650\" data-end=\"1653\" \/><h4><span style=\"color: #ff6600;\"><strong>Descubre Salto Alto \u2013 Bayaguana, Provincia de Monte Plata<\/strong><\/span><\/h4><p style=\"text-align: center;\">El balneario <em>Salto Alto<\/em> se sit\u00faa en el municipio de Bayaguana, dentro de la provincia de Monte Plata, en la Rep\u00fablica Dominicana. Es un destino privilegiado para el ecoturismo, que combina belleza natural, agua cristalina, vegetaci\u00f3n exuberante y una experiencia de conexi\u00f3n con la naturaleza. <span style=\"color: #ffffff;\">Salto Alto-Indigenous Travels 2025.\u00a0<\/span><\/p><h4><span style=\"color: #ff6600;\"><strong>Ubicaci\u00f3n y acceso<\/strong><\/span><\/h4><p>Salto Alto se encuentra a pocos kil\u00f3metros del centro de Bayaguana, aproximadamente 12 km seg\u00fan algunas fuentes, lo que se traduce en unos 1 h 30 minutos desde el Distrito Nacional en veh\u00edculo. Las coordenadas aproximadas son 18\u00b052\u203223\u2033 N, 69\u00b035\u203212\u2033 W. El acceso puede requerir un tramo de carretera menos perfecto, por lo que se recomienda un veh\u00edculo con buena suspensi\u00f3n o manejar con precauci\u00f3n. <span style=\"color: #ffffff;\">Salto Alto-Indigenous Travels 2025.<\/span><\/p><h4 style=\"text-align: center;\"><span style=\"color: #ff6600;\"><strong>Caracter\u00edsticas Naturales<\/strong><\/span><\/h4><p><span style=\"color: #ffffff;\">Salto Alto-Indigenous Travels 2025. <\/span>Este balneario debe su nombre a la altura y fuerza de sus saltos: Salto Alto se compone de <strong>tres cascadas<\/strong> que caen desde m\u00e1s de 10 metros sobre una piscina natural de poca profundidad. El entorno est\u00e1 rodeado de vegetaci\u00f3n virgen tropical \u2014\u00e1rboles, r\u00edos, aves\u2014 que convierten la visita en una experiencia sensorial completa. <span style=\"color: #ffffff;\">Salto Alto-Indigenous Travels 2025.<\/span><\/p><h4><span style=\"color: #ff6600;\"><strong>Importancia para el ecoturismo<\/strong><\/span><\/h4><p>Salto Alto forma parte de la estrategia de desarrollo tur\u00edstico de Monte Plata bajo la denominaci\u00f3n de \u201cProvincia Esmeralda\u201d, con objetivos de <strong>turismo sostenible<\/strong> y participaci\u00f3n comunitaria. Su conservaci\u00f3n es clave para mantener un entorno limpio, saludable y de valor para futuros visitantes. <span style=\"color: #ffffff;\">Salto Alto-Indigenous Travels 2025.<\/span><\/p><h4><span style=\"color: #ff6600;\"><strong>Consejos finales<\/strong><\/span><\/h4><ul><li style=\"text-align: left;\">Lleva bolsa para tus residuos y contribuye a mantener limpio el lugar.<\/li><li style=\"text-align: left;\">Visita temprano para disfrutar mejor del silencio de la ma\u00f1ana y tener mejores fotos.<\/li><li style=\"text-align: left;\">Guarda una copia de la ubicaci\u00f3n offline en caso de se\u00f1al m\u00f3vil d\u00e9bil.<\/li><\/ul><p>Considera visitar tambi\u00e9n otros saltos cercanos en Bayaguana, como Salto de Socoa o Saltos de la Sabana, para una jornada ecol\u00f3gica completa. <span style=\"color: #ffffff;\">Salto Alto-Indigenous Travels 2025.<\/span><\/p><div class=\"product-center\"><!-- Aqu\u00ed va tu plantilla o shortcode del producto --><br \/><div class=\"woocommerce\"><\/div> <!-- Reemplaza con el ID real del tour --><\/div><p><style>\n.product-center {<br \/>\n  max-width: 1000px;<br \/>\n  margin: 0 auto; \/* Centra el contenedor *\/<br \/>\n  text-align: center; \/* Centra texto e im\u00e1genes dentro *\/<br \/>\n  padding: 20px;<br \/>\n}<\/p>\n<p>.product-center img {<br \/>\n  display: block;<br \/>\n  margin: 0 auto;<br \/>\n  border-radius: 10px;<br \/>\n}<\/p>\n<p>.product-center h1,<br \/>\n.product-center h2,<br \/>\n.product-center p {<br \/>\n  text-align: center;<br \/>\n}<br \/>\n<\/style><\/p>\t\t\t\t\t\t\t\t<\/div>\n\t\t\t\t<\/div>\n\t\t\t\t<\/div>","protected":false},"excerpt":{"rendered":"<p><span style=\"color: #ff0000;\"><strong>SALTO ALTO:<\/strong> <span style=\"color: #000000;\">Un lugar paradisiaco al alcance de tus manos.\u00a0<\/span><\/span><\/p>","protected":false},"featured_media":3567,"comment_status":"closed","ping_status":"closed","template":"","meta":{"site-sidebar-layout":"default","site-content-layout":"","ast-site-content-layout":"default","site-content-style":"default","site-sidebar-style":"default","ast-global-header-display":"","ast-banner-title-visibility":"","ast-main-header-display":"","ast-hfb-above-header-display":"","ast-hfb-below-header-display":"","ast-hfb-mobile-header-display":"","site-post-title":"","ast-breadcrumbs-content":"","ast-featured-img":"","footer-sml-layout":"","theme-transparent-header-meta":"default","adv-header-id-meta":"","stick-header-meta":"","header-above-stick-meta":"","header-main-stick-meta":"","header-below-stick-meta":"","astra-migrate-meta-layouts":"set","ast-page-background-enabled":"default","ast-page-background-meta":{"desktop":{"background-color":"var(--ast-global-color-5)","background-image":"","background-repeat":"repeat","background-position":"center center","background-size":"auto","background-attachment":"scroll","background-type":"","background-media":"","overlay-type":"","overlay-color":"","overlay-opacity":"","overlay-gradient":""},"tablet":{"background-color":"","background-image":"","background-repeat":"repeat","background-position":"center center","background-size":"auto","background-attachment":"scroll","background-type":"","background-media":"","overlay-type":"","overlay-color":"","overlay-opacity":"","overlay-gradient":""},"mobile":{"background-color":"","background-image":"","background-repeat":"repeat","background-position":"center center","background-size":"auto","background-attachment":"scroll","background-type":"","background-media":"","overlay-type":"","overlay-color":"","overlay-opacity":"","overlay-gradient":""}},"ast-content-background-meta":{"desktop":{"background-color":"var(--ast-global-color-4)","background-image":"","background-repeat":"repeat","background-position":"center center","background-size":"auto","background-attachment":"scroll","background-type":"","background-media":"","overlay-type":"","overlay-color":"","overlay-opacity":"","overlay-gradient":""},"tablet":{"background-color":"var(--ast-global-color-4)","background-image":"","background-repeat":"repeat","background-position":"center center","background-size":"auto","background-attachment":"scroll","background-type":"","background-media":"","overlay-type":"","overlay-color":"","overlay-opacity":"","overlay-gradient":""},"mobile":{"background-color":"var(--ast-global-color-4)","background-image":"","background-repeat":"repeat","background-position":"center center","background-size":"auto","background-attachment":"scroll","background-type":"","background-media":"","overlay-type":"","overlay-color":"","overlay-opacity":"","overlay-gradient":""}}},"product_brand":[29],"product_cat":[27,25,26],"product_tag":[58,59,44],"class_list":{"0":"post-2740","1":"product","2":"type-product","3":"status-publish","4":"has-post-thumbnail","6":"product_brand-indigenous-travels-tours","7":"product_cat-aventura","8":"product_cat-eco-aventura","9":"product_cat-naturaleza","10":"product_tag-indigenoustravels","11":"product_tag-saltoalto","12":"product_tag-ecoturismo","13":"desktop-align-left","14":"tablet-align-left","15":"mobile-align-center","17":"first","18":"onbackorder","19":"sale","20":"virtual","21":"taxable","22":"purchasable","23":"product-type-simple"},"_links":{"self":[{"href":"https:\/\/indigenoustravels.com\/en\/wp-json\/wp\/v2\/product\/2740","targetHints":{"allow":["GET"]}}],"collection":[{"href":"https:\/\/indigenoustravels.com\/en\/wp-json\/wp\/v2\/product"}],"about":[{"href":"https:\/\/indigenoustravels.com\/en\/wp-json\/wp\/v2\/types\/product"}],"replies":[{"embeddable":true,"href":"https:\/\/indigenoustravels.com\/en\/wp-json\/wp\/v2\/comments?post=2740"}],"version-history":[{"count":15,"href":"https:\/\/indigenoustravels.com\/en\/wp-json\/wp\/v2\/product\/2740\/revisions"}],"predecessor-version":[{"id":3569,"href":"https:\/\/indigenoustravels.com\/en\/wp-json\/wp\/v2\/product\/2740\/revisions\/3569"}],"wp:featuredmedia":[{"embeddable":true,"href":"https:\/\/indigenoustravels.com\/en\/wp-json\/wp\/v2\/media\/3567"}],"wp:attachment":[{"href":"https:\/\/indigenoustravels.com\/en\/wp-json\/wp\/v2\/media?parent=2740"}],"wp:term":[{"taxonomy":"product_brand","embeddable":true,"href":"https:\/\/indigenoustravels.com\/en\/wp-json\/wp\/v2\/product_brand?post=2740"},{"taxonomy":"product_cat","embeddable":true,"href":"https:\/\/indigenoustravels.com\/en\/wp-json\/wp\/v2\/product_cat?post=2740"},{"taxonomy":"product_tag","embeddable":true,"href":"https:\/\/indigenoustravels.com\/en\/wp-json\/wp\/v2\/product_tag?post=2740"}],"curies":[{"name":"wp","href":"https:\/\/api.w.org\/{rel}","templated":true}]}}