{"id":2091,"date":"2025-08-02T21:10:53","date_gmt":"2025-08-03T01:10:53","guid":{"rendered":"https:\/\/indigenoustravels.com\/?post_type=product&#038;p=2091"},"modified":"2026-01-31T13:17:48","modified_gmt":"2026-01-31T17:17:48","slug":"paseo-a-caballo","status":"publish","type":"product","link":"https:\/\/indigenoustravels.com\/en\/product\/paseo-a-caballo\/","title":{"rendered":"PASEO A CABALLO"},"content":{"rendered":"<div data-elementor-type=\"product-post\" data-elementor-id=\"2091\" class=\"elementor elementor-2091\" data-elementor-post-type=\"product\">\n\t\t\t\t<div class=\"elementor-element elementor-element-45975f7 e-flex e-con-boxed e-con e-parent\" data-id=\"45975f7\" data-element_type=\"container\" data-e-type=\"container\">\n\t\t\t\t\t<div class=\"e-con-inner\">\n\t\t\t\t<div class=\"elementor-element elementor-element-6643f50 elementor-widget-mobile__width-initial elementor-widget elementor-widget-heading\" data-id=\"6643f50\" data-element_type=\"widget\" data-e-type=\"widget\" data-widget_type=\"heading.default\">\n\t\t\t\t\t<h2 class=\"elementor-heading-title elementor-size-default\">Emocionante Excursi\u00f3n a Caballo 2025<\/h2>\t\t\t\t<\/div>\n\t\t\t\t<div class=\"elementor-element elementor-element-78e388e elementor-widget-mobile__width-initial elementor-widget elementor-widget-text-editor\" data-id=\"78e388e\" data-element_type=\"widget\" data-e-type=\"widget\" data-widget_type=\"text-editor.default\">\n\t\t\t\t\t\t\t\t\t<h2 style=\"text-align: center;\" data-start=\"239\" data-end=\"299\"><span style=\"color: #993300;\">\ud83c\udf04 <strong>Emocionante Excursi\u00f3n a Caballo 2025 \u2013 Monta\u00f1as y Playas<\/strong><\/span><\/h2><p data-start=\"301\" data-end=\"800\">Vive la <strong data-start=\"309\" data-end=\"349\">Emocionante Excursi\u00f3n a Caballo 2025<\/strong>, una experiencia vivencial \u00fanica en la que naturaleza, cultura y aventura se fusionan para ofrecerte momentos inolvidables. Este recorrido te conecta con la esencia m\u00e1s pura de la Rep\u00fablica Dominicana, a trav\u00e9s de dos rutas fascinantes: <strong data-start=\"587\" data-end=\"622\">el paseo a caballo por la playa<\/strong> y el <strong data-start=\"628\" data-end=\"665\">recorrido ecuestre por la monta\u00f1a<\/strong>. Ambos escenarios han sido cuidadosamente dise\u00f1ados para brindarte seguridad, belleza esc\u00e9nica y un contacto aut\u00e9ntico con el entorno.\u00a0<a href=\"https:\/\/indigenoustravels.com\/en\/checkout2-sorprendente\/\">Checkout<\/a><\/p><p data-start=\"802\" data-end=\"1205\">La <strong data-start=\"805\" data-end=\"845\">Emocionante Excursi\u00f3n a Caballo 2025<\/strong> comienza con una bienvenida guiada por nuestros expertos jinetes locales, quienes te ayudar\u00e1n a familiarizarte con el caballo que te acompa\u00f1ar\u00e1 en esta aventura. Todos nuestros animales est\u00e1n bien cuidados, entrenados y acostumbrados al contacto con turistas, lo que garantiza una experiencia segura, incluso para principiantes y ni\u00f1os a partir de los 7 a\u00f1os.\u00a0<a href=\"https:\/\/www.caballosargentinos.com\/edadparacomenzarcaballo\">https:\/\/www.caballosargentinos.com\/edadparacomenzarcaballo<\/a><\/p><hr data-start=\"1207\" data-end=\"1210\" \/><h3 data-start=\"1212\" data-end=\"1257\">\ud83d\udc0e <span style=\"color: #ffff00;\">Opci\u00f3n 1: Paseo a Caballo por la Playa<\/span><\/h3><p data-start=\"1259\" data-end=\"1665\">Imagina cabalgar al ritmo de las olas, con la brisa marina acariciando tu rostro y una vista panor\u00e1mica del oc\u00e9ano Caribe. Esta ruta te lleva por senderos de arena suave, entre cocoteros y \u00e1reas costeras, hasta llegar a zonas ideales para fotograf\u00edas y conexi\u00f3n espiritual con la naturaleza. El paseo por la playa es ideal para parejas, familias y turistas que buscan una experiencia relajada y fotog\u00e9nica.<\/p><p data-start=\"1667\" data-end=\"1994\">Durante el recorrido, tendr\u00e1s la oportunidad de detenerte para observar el atardecer o incluso mojar los cascos de tu caballo en el agua, si las condiciones lo permiten. Este segmento de la <strong data-start=\"1857\" data-end=\"1897\">Emocionante Excursi\u00f3n a Caballo 2025<\/strong> est\u00e1 pensado para quienes desean una combinaci\u00f3n de romance, tranquilidad y contacto con el mar.<\/p><hr data-start=\"1996\" data-end=\"1999\" \/><h3 data-start=\"2001\" data-end=\"2049\">\ud83c\udfde\ufe0f <span style=\"color: #ffff00;\">Opci\u00f3n 2: Paseo a Caballo por la Monta\u00f1a<\/span><\/h3><p data-start=\"2051\" data-end=\"2431\">Si prefieres una experiencia m\u00e1s activa y envolvente, elige la ruta por la monta\u00f1a. Aqu\u00ed cabalgar\u00e1s a trav\u00e9s de senderos rurales, bosques frondosos, miradores naturales y campos abiertos, disfrutando de vistas espectaculares hacia valles y comunidades rurales. Esta ruta incluye pausas en puntos ecol\u00f3gicos donde se ofrece agua fresca y explicaciones sobre la flora y fauna local.<\/p><p data-start=\"2433\" data-end=\"2809\">La traves\u00eda por la monta\u00f1a permite apreciar el verdor del paisaje, respirar aire puro y escuchar el canto de las aves mientras exploras rincones escondidos del interior dominicano. La <strong data-start=\"2617\" data-end=\"2657\">Emocionante Excursi\u00f3n a Caballo 2025<\/strong> en monta\u00f1a tambi\u00e9n es ideal para quienes desean vivir un turismo m\u00e1s sostenible y comunitario, con contacto directo con campesinos y artesanos locales.<\/p><hr data-start=\"2811\" data-end=\"2814\" \/><h4 style=\"text-align: center;\" data-start=\"2816\" data-end=\"2877\"><span style=\"color: #00ff00;\">\ud83d\udcb2<\/span> <span style=\"color: #ffff00;\">Tabla de Precios\u00a0<\/span><\/h4><div class=\"_tableContainer_16hzy_1\"><div class=\"_tableWrapper_16hzy_14 group flex w-fit flex-col-reverse\" tabindex=\"-1\"><table class=\"w-fit min-w-(--thread-content-width)\" data-start=\"2879\" data-end=\"3411\"><thead data-start=\"2879\" data-end=\"2955\"><tr data-start=\"2879\" data-end=\"2955\"><th data-start=\"2879\" data-end=\"2919\" data-col-size=\"sm\">Tipo de Participante<\/th><th data-start=\"2919\" data-end=\"2955\" data-col-size=\"sm\">Precio en USD (por persona\/hora)<\/th><\/tr><\/thead><tbody data-start=\"3032\" data-end=\"3411\"><tr data-start=\"3032\" data-end=\"3107\"><td data-start=\"3032\" data-end=\"3071\" data-col-size=\"sm\">Adultos (individual o pareja)<\/td><td data-col-size=\"sm\" data-start=\"3071\" data-end=\"3107\">US$60.00<\/td><\/tr><tr data-start=\"3108\" data-end=\"3183\"><td data-start=\"3108\" data-end=\"3147\" data-col-size=\"sm\">Ni\u00f1os (7 a 12 a\u00f1os)<\/td><td data-col-size=\"sm\" data-start=\"3147\" data-end=\"3183\">US$40.00<\/td><\/tr><tr data-start=\"3184\" data-end=\"3259\"><td data-start=\"3184\" data-end=\"3223\" data-col-size=\"sm\">Grupo (+25 personas)<\/td><td data-col-size=\"sm\" data-start=\"3223\" data-end=\"3259\">US$50.00<\/td><\/tr><tr data-start=\"3260\" data-end=\"3335\"><td data-start=\"3260\" data-end=\"3299\" data-col-size=\"sm\">Grupo escolar o institucional<\/td><td data-col-size=\"sm\" data-start=\"3299\" data-end=\"3335\">A consultar<\/td><\/tr><tr data-start=\"3336\" data-end=\"3411\"><td data-start=\"3336\" data-end=\"3375\" data-col-size=\"sm\">Ruta combinada (playa + monta\u00f1a)<\/td><td data-col-size=\"sm\" data-start=\"3375\" data-end=\"3411\">US$95.00<\/td><\/tr><\/tbody><\/table><div class=\"sticky end-(--thread-content-margin) h-0 self-end select-none\"><div class=\"absolute end-0 flex items-end\">\u00a0<\/div><\/div><\/div><\/div><p data-start=\"3413\" data-end=\"3511\">\ud83d\udccc <em data-start=\"3416\" data-end=\"3511\">Incluye: caballo asignado, gu\u00eda biling\u00fce, agua, casco protector y seguro b\u00e1sico de excursi\u00f3n.<\/em><\/p><hr data-start=\"3513\" data-end=\"3516\" \/><h2 style=\"text-align: left;\" data-start=\"3518\" data-end=\"3544\">\ud83d\udccd <span style=\"color: #ffff00;\">Detalles adicionales<\/span><\/h2><ul data-start=\"3546\" data-end=\"3800\"><li data-start=\"3546\" data-end=\"3601\"><p data-start=\"3548\" data-end=\"3601\"><strong data-start=\"3548\" data-end=\"3560\">Duraci\u00f3n<\/strong>: Entre 1 y 2 horas (seg\u00fan ruta elegida).<\/p><\/li><li data-start=\"3602\" data-end=\"3665\"><p data-start=\"3604\" data-end=\"3665\"><strong data-start=\"3604\" data-end=\"3628\">Horarios disponibles<\/strong>: Ma\u00f1ana (8:00 AM) y Tarde (2:00 PM).<\/p><\/li><li data-start=\"3666\" data-end=\"3716\"><p data-start=\"3668\" data-end=\"3716\"><strong data-start=\"3668\" data-end=\"3691\">Idiomas disponibles<\/strong>: Espa\u00f1ol, Ingl\u00e9s y Ruso.<\/p><\/li><li data-start=\"3717\" data-end=\"3800\"><p data-start=\"3719\" data-end=\"3800\"><strong data-start=\"3719\" data-end=\"3733\">Requisitos<\/strong>: Zapatos cerrados, pantalones largos y disposici\u00f3n para disfrutar.<\/p><\/li><\/ul><hr data-start=\"3802\" data-end=\"3805\" \/><h2 style=\"text-align: left;\" data-start=\"3807\" data-end=\"3846\">\ud83c\udf3f <span style=\"color: #ffff00;\">Turismo responsable y comunitario<\/span><\/h2><p data-start=\"3848\" data-end=\"4194\">En cada versi\u00f3n de la <strong data-start=\"3870\" data-end=\"3910\">Emocionante Excursi\u00f3n a Caballo 2025<\/strong>, apoyamos activamente a las comunidades anfitrionas. Parte de los ingresos se destinan a programas de cuidado equino, educaci\u00f3n local y conservaci\u00f3n ambiental. Al participar, no solo vives una aventura, tambi\u00e9n aportas a un modelo de turismo sostenible y con impacto social positivo.<\/p><hr data-start=\"4196\" data-end=\"4199\" \/><h2 style=\"text-align: left;\" data-start=\"4201\" data-end=\"4235\">\ud83d\udcf8 <span style=\"color: #ffff00;\">\u00bfQu\u00e9 incluye tu experiencia?<\/span><\/h2><ul data-start=\"4237\" data-end=\"4488\"><li data-start=\"4237\" data-end=\"4281\"><p data-start=\"4239\" data-end=\"4281\">Recorrido guiado con jinete experimentado.<\/p><\/li><li data-start=\"4282\" data-end=\"4317\"><p data-start=\"4284\" data-end=\"4317\">Equipamiento b\u00e1sico de seguridad.<\/p><\/li><li data-start=\"4318\" data-end=\"4353\"><p data-start=\"4320\" data-end=\"4353\">Breve inducci\u00f3n antes del inicio.<\/p><\/li><li data-start=\"4354\" data-end=\"4402\"><p data-start=\"4356\" data-end=\"4402\">Oportunidad de fotos y v\u00eddeos en puntos clave.<\/p><\/li><li data-start=\"4403\" data-end=\"4437\"><p data-start=\"4405\" data-end=\"4437\">Agua purificada y apoyo en ruta.<\/p><\/li><li data-start=\"4438\" data-end=\"4488\"><p data-start=\"4440\" data-end=\"4488\">Certificado digital de participaci\u00f3n (opcional).<\/p><\/li><\/ul><hr data-start=\"4490\" data-end=\"4493\" \/><h2 data-start=\"4495\" data-end=\"4514\">\ud83d\udd14 <span style=\"color: #ff0000;\">Reserva ahora!!!<\/span><\/h2><p data-start=\"4516\" data-end=\"4716\">La demanda para la <strong data-start=\"4535\" data-end=\"4575\">Emocionante Excursi\u00f3n a Caballo 2025<\/strong> es alta en temporada alta, por lo que se recomienda reservar con antelaci\u00f3n. Puedes hacerlo desde nuestra web o contact\u00e1ndonos por WhatsApp.<\/p><p data-start=\"4718\" data-end=\"4830\">\ud83d\udc49 <strong data-start=\"4721\" data-end=\"4752\">COMPRA TU EXPERIENCIA AHORA<\/strong> y prep\u00e1rate para cabalgar entre olas o subir a lo alto de nuestras monta\u00f1as.<\/p><p data-start=\"4832\" data-end=\"4948\">Tu pr\u00f3ximo recuerdo inolvidable comienza con una silla de montar y el sonido firme de los cascos marcando el camino.<\/p>\t\t\t\t\t\t\t\t<\/div>\n\t\t\t\t\t<\/div>\n\t\t\t\t<\/div>\n\t\t<div class=\"elementor-element elementor-element-8ebcb39 e-flex e-con-boxed e-con e-parent\" data-id=\"8ebcb39\" data-element_type=\"container\" data-e-type=\"container\">\n\t\t\t\t\t<div class=\"e-con-inner\">\n\t\t\t\t\t<\/div>\n\t\t\t\t<\/div>\n\t\t\t\t<\/div>","protected":false},"excerpt":{"rendered":"<p>INDIGENOUS TRAVELS te invita a disfrutar de esta emocionante aventura. Puedes elegir entre senderos, playas, r\u00edos y monta\u00f1as.<\/p>","protected":false},"featured_media":3570,"comment_status":"open","ping_status":"closed","template":"","meta":{"site-sidebar-layout":"no-sidebar","site-content-layout":"","ast-site-content-layout":"full-width-container","site-content-style":"default","site-sidebar-style":"default","ast-global-header-display":"","ast-banner-title-visibility":"","ast-main-header-display":"","ast-hfb-above-header-display":"","ast-hfb-below-header-display":"","ast-hfb-mobile-header-display":"","site-post-title":"disabled","ast-breadcrumbs-content":"","ast-featured-img":"disabled","footer-sml-layout":"","theme-transparent-header-meta":"default","adv-header-id-meta":"","stick-header-meta":"","header-above-stick-meta":"","header-main-stick-meta":"","header-below-stick-meta":"","astra-migrate-meta-layouts":"set","ast-page-background-enabled":"default","ast-page-background-meta":{"desktop":{"background-color":"var(--ast-global-color-5)","background-image":"","background-repeat":"repeat","background-position":"center center","background-size":"auto","background-attachment":"scroll","background-type":"","background-media":"","overlay-type":"","overlay-color":"","overlay-opacity":"","overlay-gradient":""},"tablet":{"background-color":"","background-image":"","background-repeat":"repeat","background-position":"center center","background-size":"auto","background-attachment":"scroll","background-type":"","background-media":"","overlay-type":"","overlay-color":"","overlay-opacity":"","overlay-gradient":""},"mobile":{"background-color":"","background-image":"","background-repeat":"repeat","background-position":"center center","background-size":"auto","background-attachment":"scroll","background-type":"","background-media":"","overlay-type":"","overlay-color":"","overlay-opacity":"","overlay-gradient":""}},"ast-content-background-meta":{"desktop":{"background-color":"var(--ast-global-color-4)","background-image":"","background-repeat":"repeat","background-position":"center center","background-size":"auto","background-attachment":"scroll","background-type":"","background-media":"","overlay-type":"","overlay-color":"","overlay-opacity":"","overlay-gradient":""},"tablet":{"background-color":"var(--ast-global-color-4)","background-image":"","background-repeat":"repeat","background-position":"center center","background-size":"auto","background-attachment":"scroll","background-type":"","background-media":"","overlay-type":"","overlay-color":"","overlay-opacity":"","overlay-gradient":""},"mobile":{"background-color":"var(--ast-global-color-4)","background-image":"","background-repeat":"repeat","background-position":"center center","background-size":"auto","background-attachment":"scroll","background-type":"","background-media":"","overlay-type":"","overlay-color":"","overlay-opacity":"","overlay-gradient":""}}},"product_brand":[29],"product_cat":[27,25,26],"product_tag":[58,69],"class_list":{"0":"post-2091","1":"product","2":"type-product","3":"status-publish","4":"has-post-thumbnail","6":"product_brand-indigenous-travels-tours","7":"product_cat-aventura","8":"product_cat-eco-aventura","9":"product_cat-naturaleza","10":"product_tag-indigenoustravels","11":"product_tag-paseocaballos","12":"desktop-align-left","13":"tablet-align-left","14":"mobile-align-center","16":"first","17":"onbackorder","18":"sale","19":"taxable","20":"shipping-taxable","21":"purchasable","22":"product-type-simple"},"_links":{"self":[{"href":"https:\/\/indigenoustravels.com\/en\/wp-json\/wp\/v2\/product\/2091","targetHints":{"allow":["GET"]}}],"collection":[{"href":"https:\/\/indigenoustravels.com\/en\/wp-json\/wp\/v2\/product"}],"about":[{"href":"https:\/\/indigenoustravels.com\/en\/wp-json\/wp\/v2\/types\/product"}],"replies":[{"embeddable":true,"href":"https:\/\/indigenoustravels.com\/en\/wp-json\/wp\/v2\/comments?post=2091"}],"version-history":[{"count":21,"href":"https:\/\/indigenoustravels.com\/en\/wp-json\/wp\/v2\/product\/2091\/revisions"}],"predecessor-version":[{"id":3573,"href":"https:\/\/indigenoustravels.com\/en\/wp-json\/wp\/v2\/product\/2091\/revisions\/3573"}],"wp:featuredmedia":[{"embeddable":true,"href":"https:\/\/indigenoustravels.com\/en\/wp-json\/wp\/v2\/media\/3570"}],"wp:attachment":[{"href":"https:\/\/indigenoustravels.com\/en\/wp-json\/wp\/v2\/media?parent=2091"}],"wp:term":[{"taxonomy":"product_brand","embeddable":true,"href":"https:\/\/indigenoustravels.com\/en\/wp-json\/wp\/v2\/product_brand?post=2091"},{"taxonomy":"product_cat","embeddable":true,"href":"https:\/\/indigenoustravels.com\/en\/wp-json\/wp\/v2\/product_cat?post=2091"},{"taxonomy":"product_tag","embeddable":true,"href":"https:\/\/indigenoustravels.com\/en\/wp-json\/wp\/v2\/product_tag?post=2091"}],"curies":[{"name":"wp","href":"https:\/\/api.w.org\/{rel}","templated":true}]}}