{"id":6,"date":"2025-05-18T01:42:22","date_gmt":"2025-05-18T01:42:22","guid":{"rendered":"https:\/\/snow-wasp-280379.hostingersite.com\/reservas\/"},"modified":"2025-08-28T09:40:18","modified_gmt":"2025-08-28T13:40:18","slug":"entra-al-maravilloso-mund2-de-indigenous","status":"publish","type":"page","link":"https:\/\/indigenoustravels.com\/en\/entra-al-maravilloso-mund2-de-indigenous\/","title":{"rendered":"Reservations"},"content":{"rendered":"<div data-elementor-type=\"wp-page\" data-elementor-id=\"6\" class=\"elementor elementor-6\" data-elementor-post-type=\"page\">\n\t\t\t\t<div class=\"elementor-element elementor-element-0911a0c e-flex e-con-boxed e-con e-parent\" data-id=\"0911a0c\" data-element_type=\"container\" data-e-type=\"container\" data-settings=\"{&quot;background_background&quot;:&quot;slideshow&quot;,&quot;background_slideshow_gallery&quot;:[],&quot;background_slideshow_loop&quot;:&quot;yes&quot;,&quot;background_slideshow_slide_duration&quot;:5000,&quot;background_slideshow_slide_transition&quot;:&quot;fade&quot;,&quot;background_slideshow_transition_duration&quot;:500}\">\n\t\t\t\t\t<div class=\"e-con-inner\">\n\t\t<div class=\"elementor-element elementor-element-67a963b e-con-full e-flex e-con e-child\" data-id=\"67a963b\" data-element_type=\"container\" data-e-type=\"container\" data-settings=\"{&quot;background_background&quot;:&quot;slideshow&quot;,&quot;background_slideshow_gallery&quot;:[{&quot;id&quot;:1115,&quot;url&quot;:&quot;https:\\\/\\\/indigenoustravels.com\\\/wp-content\\\/uploads\\\/2025\\\/07\\\/Eco-Turismo.jpg&quot;},{&quot;id&quot;:714,&quot;url&quot;:&quot;https:\\\/\\\/indigenoustravels.com\\\/wp-content\\\/uploads\\\/2025\\\/06\\\/descarga.jpeg&quot;},{&quot;id&quot;:478,&quot;url&quot;:&quot;https:\\\/\\\/indigenoustravels.com\\\/wp-content\\\/uploads\\\/2025\\\/05\\\/Paisajes-caribenos-en-Japon.-Foto-JNTO-1282x780-1.webp&quot;},{&quot;id&quot;:574,&quot;url&quot;:&quot;https:\\\/\\\/indigenoustravels.com\\\/wp-content\\\/uploads\\\/2025\\\/05\\\/Damajagua-21.jpg&quot;},{&quot;id&quot;:361,&quot;url&quot;:&quot;https:\\\/\\\/indigenoustravels.com\\\/wp-content\\\/uploads\\\/2025\\\/05\\\/excursion-charcos.webp&quot;},{&quot;id&quot;:716,&quot;url&quot;:&quot;https:\\\/\\\/indigenoustravels.com\\\/wp-content\\\/uploads\\\/2025\\\/06\\\/unnamed.jpg&quot;},{&quot;id&quot;:715,&quot;url&quot;:&quot;https:\\\/\\\/indigenoustravels.com\\\/wp-content\\\/uploads\\\/2025\\\/06\\\/images-1.jpeg&quot;}],&quot;background_slideshow_slide_transition&quot;:&quot;slide_right&quot;,&quot;background_slideshow_loop&quot;:&quot;yes&quot;,&quot;background_slideshow_slide_duration&quot;:5000,&quot;background_slideshow_transition_duration&quot;:500}\">\n\t\t\t\t<div class=\"elementor-element elementor-element-dd3df44 elementor-absolute elementor-widget elementor-widget-heading\" data-id=\"dd3df44\" data-element_type=\"widget\" data-e-type=\"widget\" data-settings=\"{&quot;_position&quot;:&quot;absolute&quot;}\" data-widget_type=\"heading.default\">\n\t\t\t\t\t<h2 class=\"elementor-heading-title elementor-size-default\">Enter the Wonderful World2 of INDIGENOUS.<\/h2>\t\t\t\t<\/div>\n\t\t\t\t<\/div>\n\t\t\t\t<div class=\"elementor-element elementor-element-6fa3b57 elementor-widget elementor-widget-html\" data-id=\"6fa3b57\" data-element_type=\"widget\" data-e-type=\"widget\" data-widget_type=\"html.default\">\n\t\t\t\t\t<form class=\"reserva-form\" action=\"\">\r\n  <h2>Reserva tu Experiencia con INDIGENOUS TRAVELS & TOURS<\/h2>\r\n\r\n  <!-- Datos del Cliente -->\r\n  <label>Nombre Completo:<\/label>\r\n  <input type=\"text\" name=\"nombre\" required>\r\n\r\n  <label>Tel\u00e9fono (WhatsApp):<\/label>\r\n  <input type=\"tel\" name=\"telefono\" required>\r\n\r\n  <label>Email:<\/label>\r\n  <input type=\"email\" name=\"email\" required>\r\n\r\n  <label>Pa\u00eds de Residencia:<\/label>\r\n  <input type=\"text\" name=\"pais\">\r\n\r\n  <!-- Detalles de la Reserva -->\r\n  <label>Tour \/ Excursi\u00f3n:<\/label>\r\n  <select name=\"tour\">\r\n    <option value=\"ruta-casabe\">La Ruta del Casabe<\/option>\r\n    <option value=\"damajagua\">Charcos de Damajagua<\/option>\r\n    <option value=\"city-santiago\">City Tour Santiago<\/option>\r\n    <option value=\"city-puerto-plata\">City Tour Puerto Plata<\/option>\r\n  <\/select>\r\n\r\n  <label>Fecha de Inicio:<\/label>\r\n  <input type=\"date\" name=\"fecha_inicio\" required>\r\n\r\n  <label>Fecha de Finalizaci\u00f3n:<\/label>\r\n  <input type=\"date\" name=\"fecha_fin\">\r\n\r\n  <label>N\u00famero de Adultos:<\/label>\r\n  <input type=\"number\" name=\"adultos\" min=\"1\" required>\r\n\r\n  <label>N\u00famero de Ni\u00f1os:<\/label>\r\n  <input type=\"number\" name=\"ninos\" min=\"0\">\r\n\r\n  <label>Idioma Preferido:<\/label>\r\n  <select name=\"idioma\">\r\n    <option>Espa\u00f1ol<\/option>\r\n    <option>Ingl\u00e9s<\/option>\r\n    <option>Ruso<\/option>\r\n  <\/select>\r\n\r\n  <!-- Servicios adicionales -->\r\n  <label>Transporte incluido:<\/label>\r\n  <input type=\"checkbox\" name=\"transporte\"> S\u00ed\r\n\r\n  <label>Alojamiento:<\/label>\r\n  <input type=\"checkbox\" name=\"alojamiento\"> S\u00ed\r\n\r\n  <label>Notas Especiales:<\/label>\r\n  <textarea name=\"notas\"><\/textarea>\r\n\r\n  <!-- Pagos -->\r\n  <label>M\u00e9todo de Pago:<\/label>\r\n  <select name=\"pago\" required>\r\n    <option>Tarjeta de Cr\u00e9dito\/D\u00e9bito<\/option>\r\n    <option>PayPal \/ Stripe<\/option>\r\n    <option>Transferencia Bancaria<\/option>\r\n    <option>Pago en Efectivo<\/option>\r\n  <\/select>\r\n\r\n  <!-- Confirmaci\u00f3n -->\r\n  <p>\r\n    <input type=\"checkbox\" required> Acepto los \r\n    <a href=\"\/en\/terminos-condiciones\/\" target=\"_blank\">T\u00e9rminos y Condiciones<\/a> \r\n    y la \r\n    <a href=\"\/en\/politica-privacidad\/\" target=\"_blank\">Pol\u00edtica de Privacidad<\/a>.\r\n  <\/p>\r\n\r\n  <button type=\"submit\">Confirmar Reserva<\/button>\r\n<input type=\"hidden\" name=\"trp-form-language\" value=\"en\"\/><\/form>\r\n\t\t\t\t<\/div>\n\t\t\t\t\t<\/div>\n\t\t\t\t<\/div>\n\t\t<div class=\"elementor-element elementor-element-6a876e4 e-flex e-con-boxed e-con e-parent\" data-id=\"6a876e4\" data-element_type=\"container\" data-e-type=\"container\">\n\t\t\t\t\t<div class=\"e-con-inner\">\n\t\t\t\t<div class=\"elementor-element elementor-element-1b0ddb0 elementor-widget elementor-widget-tourfic-search\" data-id=\"1b0ddb0\" data-element_type=\"widget\" data-e-type=\"widget\" data-widget_type=\"tourfic-search.default\">\n\t\t\t\t<div class=\"elementor-widget-container\">\n\t\t\t\t\t\n\t\t\t\t\t<!-- Start Fullwidth Wrap -->\n\t\t\t<div class=\"tf_tf_booking-widget-wrap\" data-fullwidth=\"true\">\n\t\t\t\t<div class=\"tf_custom-container\">\n\t\t\t\t\t<div class=\"tf_custom-inner\">\n\n\t\t\t\t\t\t\t\t\t\t<div id=\"tf-booking-search-tabs\" class=\"default-form tf-search-tabs__design--1\">\n\n\t\t\t\t\t\t\t\t\t\t\t\t\t<div class=\"tf_widget-title\">\n\t\t\t\t\t\t\t\t<h2>       \nExplora la Rep\u00fablica Dominicana<\/h2>\n\t\t\t\t\t\t\t<\/div>\n\t\t\t\t\t\t\n\t\t\t\t\t\t\t\t\t\t\t\t\t<div class=\"tf_widget-subtitle\">\n\t\t\t\t\t\t\t\t<p>Descubre playas, monta\u00f1as y culturas aut\u00e9nticas. Vive una experiencia completa con nosotros.<\/p>\n\t\t\t\t\t\t\t<\/div>\n\t\t\t\t\t\t\t\t\t\t\t\t<!-- Booking Form Tabs -->\n\t\t\t\t\t\t<div class=\"tf-booking-form-tab design-1 tf-multiple-tabs\">\n\n\t\t\t\t\t\t\t\n\t\t\t\t\t\t\t\n\t\t\t\t\t\t\t\n\t\t\t\t\t\t\t\n\t\t\t\t\t\t\t\n\t\t\t\t\t\t\t\t\t\t\t\t\t<\/div>\n\n\t\t\t\t\t\t\t\t\t\t\t\t\t<!-- Booking Form tabs mobile version -->\n\t\t\t\t\t\t\t<div class=\"tf-booking-form-tab-mobile\">\n\t\t\t\t\t\t\t\t<select name=\"tf-booking-form-tab-select\" id=\"\">\n\t\t\t\t\t\t\t\t\t\n\t\t\t\t\t\t\t\t\t\t\t\t\t\t\t\t\t\t\t\t\t\t\t\t\t\t\t\n\t\t\t\t\t\t\t\t\t\n\t\t\t\t\t\t\t\t\t\t\t\t\t\t\t\t\t<\/select>\n\t\t\t\t\t\t\t<\/div>\n\t\t\t\t\t\t\n\t\t\t\t\t\t<!-- Booking Forms -->\n\t\t\t\t\t\t<div class=\"tf-booking-forms-wrapper\">\n\t\t\t\t\t\t\t\t\t\t\t\t\t<\/div>\n\n\t\t\t\t\t<\/div>\n\t\t\t\t\t\t\t\t\t\t<\/div>\n\t\t\t\t<\/div>\n\t\t\t<\/div>\n\t\t\t<!-- Close Fullwidth Wrap -->\n\t\t\t\t<\/div>\n\t\t\t\t<\/div>\n\t\t<div class=\"elementor-element elementor-element-95d3853 e-con-full e-flex e-con e-child\" data-id=\"95d3853\" data-element_type=\"container\" data-e-type=\"container\">\n\t\t\t\t<div class=\"elementor-element elementor-element-9564f8a elementor-widget elementor-widget-text-editor\" data-id=\"9564f8a\" data-element_type=\"widget\" data-e-type=\"widget\" data-widget_type=\"text-editor.default\">\n\t\t\t\t\t\t\t\t\t<p>Enter the Wonderful World2 of INDIGENOUS.\u00a0<\/p><p><a href=\"https:\/\/indigenoustravels.com\/en\/areitoblog\/\">https:\/\/indigenoustravels.com\/areitoblog<\/a><\/p><p data-start=\"346\" data-end=\"1035\" class=\"translation-block\">Enter the Marvelous World of INDIGENOUS. An experience designed for those seeking more than just a trip. Here, every step leads you to discover the very essence of the Dominican Republic, not from shop windows, but from its living roots, its proud communities, its unspoiled landscapes, and its ancestral culture that vibrates in every corner. INDIGENOUS TRAVELS &amp; TOURS is not just a travel agency: it is a network of authentic encounters, human exchanges, and profound respect for the land that welcomes us. Those who enter this universe are not simple tourists, but conscious explorers, people who value the natural, the genuine, the unforgettable.<\/p><p data-start=\"1037\" data-end=\"1679\">Our tourism offering is born from the heart of our communities. In every destination, on every route, on every excursion, you'll see our commitment to regenerative tourism reflected\u2014one that doesn't destroy or invade, but rather rebuilds the bonds between nature and humanity. Our partners aren't anonymous networks or impersonal platforms; they're farmers, fishermen, local guides, entrepreneurial women, young artists, and wise elders. They are the ones who welcome you with a smile that isn't learned in luxury hotels, but rather springs from the authenticity of a people who have decided to open their souls to the world without losing their identity.<\/p><p data-start=\"1681\" data-end=\"2270\">Enter the Marvelous World of INDIGENOUS and allow your journey to have a purpose. Hiking along ecological trails, sailing through mangroves, or sharing the hearth of a peasant kitchen, you will feel how your presence contributes to sustaining a living culture, biodiversity, and equitable development. Our itineraries are designed to connect places and people, to create memories that go beyond a photograph: memories that are stored in the conscience and the heart. Here, we don't sell fabricated dreams; here, we awaken your capacity for wonder and your social sensitivity. With us, every destination will be a great experience.<\/p><p data-start=\"2272\" data-end=\"2815\">Puerto Plata, Punta Cana, Santiago, Imbert, Cabarete, Luper\u00f3n\u2026 every place has something to tell, something to show you from a different perspective. You can participate in our Casabe Routes, attend artisanal cacao workshops, explore ancient Taino caves, or enjoy city tours with multilingual guides who master not only the language but also the history and soul of each community. Our service is personalized and flexible; we understand that every traveler is unique, which is why we create tailor-made experiences, unhurried, without artifice. <strong data-start=\"2442\" data-end=\"2462\">Rutas del Casabe<\/strong>, asistir a talleres de cacao artesanal, recorrer antiguas cavernas ta\u00ednas o disfrutar de City Tours con gu\u00edas multiling\u00fces que dominan no solo el idioma, sino la historia y el alma de cada comunidad. Nuestra atenci\u00f3n es personalizada y flexible; entendemos que cada viajero es \u00fanico, por eso creamos experiencias a la medida, sin prisa, sin artificios.<\/p><p data-start=\"2817\" data-end=\"3276\">Enter the Marvelous World of Indigenous. and take with you more than just a souvenir: take home a story to tell, an inner transformation. We strive to provide professional-quality service without losing our humanity. We offer carefully selected accommodations, fair trade policies, a passionate and multilingual team, and efficient logistics that guarantee safety and well-being at all times.<\/p><p data-start=\"3278\" data-end=\"3666\">This is your starting point for a type of tourism that not only entertains, but also educates, inspires, and transforms. Whether you're coming from Russia, Europe, the Americas, or the Caribbean, everyone is welcome to be part of a movement that believes travel can also be an act of love. Love for the culture, for the land, for the people who still endure and celebrate their heritage. <strong data-start=\"3364\" data-end=\"3395\">educa, inspira y transforma<\/strong>. No importa si vienes desde Rusia, Europa, Am\u00e9rica o el Caribe: aqu\u00ed todos son bienvenidos a formar parte de un movimiento que cree que viajar tambi\u00e9n puede ser un acto de amor. Amor por la cultura, por la tierra, por los pueblos que a\u00fan resisten y celebran su herencia.<\/p><p data-start=\"3668\" data-end=\"4047\">So open your arms, open your mind, and open your heart. Enter the Wonderful World of INDIGENOUS. You're not just crossing a map; you're crossing an invisible border between traditional tourism and meaningful tourism. Welcome to a new way of discovering, feeling, and belonging. Welcome to a world where every step leaves a mark, and every footprint sows the future. https:\/\/www.unwto.org\/sustainable-tourism <strong data-start=\"3726\" data-end=\"3770\">Entra al Maravilloso Mund2 de INDIGENOUS<\/strong>. No est\u00e1s solo cruzando un mapa; est\u00e1s cruzando una frontera invisible entre el turismo tradicional y el turismo con sentido. Bienvenido a una nueva forma de descubrir, de sentir y de pertenecer. Bienvenido a un mundo donde cada paso deja huella, y cada huella siembra futuro.\u00a0<a href=\"https:\/\/www.unwto.org\/es\/turismo-sostenible\">https:\/\/www.unwto.org\/es\/turismo-sostenible<\/a><\/p>\t\t\t\t\t\t\t\t<\/div>\n\t\t\t\t<\/div>\n\t\t\t\t<div class=\"elementor-element elementor-element-5820a30 elementor-button-info elementor-align-center elementor-widget elementor-widget-button\" data-id=\"5820a30\" data-element_type=\"widget\" data-e-type=\"widget\" data-widget_type=\"button.default\">\n\t\t\t\t\t\t\t\t\t\t<a class=\"elementor-button elementor-button-link elementor-size-sm\" href=\"#VIAJES\">\n\t\t\t\t\t\t<span class=\"elementor-button-content-wrapper\">\n\t\t\t\t\t\t\t\t\t<span class=\"elementor-button-text\">CLICK HERE (RESERVATIONS AND SALES)<\/span>\n\t\t\t\t\t<\/span>\n\t\t\t\t\t<\/a>\n\t\t\t\t\t\t\t\t<\/div>\n\t\t\t\t\t<\/div>\n\t\t\t\t<\/div>\n\t\t<div class=\"elementor-element elementor-element-f352444 e-flex e-con-boxed e-con e-parent\" data-id=\"f352444\" data-element_type=\"container\" data-e-type=\"container\">\n\t\t\t\t\t<div class=\"e-con-inner\">\n\t\t\t\t<div class=\"elementor-element elementor-element-65f6750 elementor-widget elementor-widget-image\" data-id=\"65f6750\" data-element_type=\"widget\" data-e-type=\"widget\" data-widget_type=\"image.default\">\n\t\t\t\t\t\t\t\t\t\t\t\t\t\t\t<img fetchpriority=\"high\" decoding=\"async\" width=\"275\" height=\"183\" src=\"https:\/\/indigenoustravels.com\/wp-content\/uploads\/2025\/07\/Buggys.jpeg\" class=\"attachment-large size-large wp-image-1754\" alt=\"Entra al Maravilloso Mund2 de INDIGENOUS.\" srcset=\"https:\/\/indigenoustravels.com\/wp-content\/uploads\/2025\/07\/Buggys.jpeg 275w, https:\/\/indigenoustravels.com\/wp-content\/uploads\/2025\/07\/Buggys-18x12.jpeg 18w\" sizes=\"(max-width: 275px) 100vw, 275px\" \/>\t\t\t\t\t\t\t\t\t\t\t\t\t\t\t<\/div>\n\t\t\t\t\t<\/div>\n\t\t\t\t<\/div>\n\t\t\t\t<\/div>","protected":false},"excerpt":{"rendered":"<p>Entra al Maravilloso Mund2 de INDIGENOUS. Reserva tu Experiencia con INDIGENOUS TRAVELS &#038; TOURS Nombre Completo: Tel\u00e9fono (WhatsApp): Email: Pa\u00eds&hellip;<\/p>","protected":false},"author":1,"featured_media":811,"parent":0,"menu_order":0,"comment_status":"closed","ping_status":"closed","template":"","meta":{"site-sidebar-layout":"default","site-content-layout":"","ast-site-content-layout":"","site-content-style":"default","site-sidebar-style":"default","ast-global-header-display":"","ast-banner-title-visibility":"","ast-main-header-display":"","ast-hfb-above-header-display":"","ast-hfb-below-header-display":"","ast-hfb-mobile-header-display":"","site-post-title":"","ast-breadcrumbs-content":"","ast-featured-img":"","footer-sml-layout":"","theme-transparent-header-meta":"","adv-header-id-meta":"","stick-header-meta":"","header-above-stick-meta":"","header-main-stick-meta":"","header-below-stick-meta":"","astra-migrate-meta-layouts":"default","ast-page-background-enabled":"default","ast-page-background-meta":{"desktop":{"background-color":"var(--ast-global-color-5)","background-image":"","background-repeat":"repeat","background-position":"center center","background-size":"auto","background-attachment":"scroll","background-type":"","background-media":"","overlay-type":"","overlay-color":"","overlay-opacity":"","overlay-gradient":""},"tablet":{"background-color":"","background-image":"","background-repeat":"repeat","background-position":"center center","background-size":"auto","background-attachment":"scroll","background-type":"","background-media":"","overlay-type":"","overlay-color":"","overlay-opacity":"","overlay-gradient":""},"mobile":{"background-color":"","background-image":"","background-repeat":"repeat","background-position":"center center","background-size":"auto","background-attachment":"scroll","background-type":"","background-media":"","overlay-type":"","overlay-color":"","overlay-opacity":"","overlay-gradient":""}},"ast-content-background-meta":{"desktop":{"background-color":"var(--ast-global-color-4)","background-image":"","background-repeat":"repeat","background-position":"center center","background-size":"auto","background-attachment":"scroll","background-type":"","background-media":"","overlay-type":"","overlay-color":"","overlay-opacity":"","overlay-gradient":""},"tablet":{"background-color":"var(--ast-global-color-4)","background-image":"","background-repeat":"repeat","background-position":"center center","background-size":"auto","background-attachment":"scroll","background-type":"","background-media":"","overlay-type":"","overlay-color":"","overlay-opacity":"","overlay-gradient":""},"mobile":{"background-color":"var(--ast-global-color-4)","background-image":"","background-repeat":"repeat","background-position":"center center","background-size":"auto","background-attachment":"scroll","background-type":"","background-media":"","overlay-type":"","overlay-color":"","overlay-opacity":"","overlay-gradient":""}},"footnotes":""},"class_list":["post-6","page","type-page","status-publish","has-post-thumbnail","hentry"],"_links":{"self":[{"href":"https:\/\/indigenoustravels.com\/en\/wp-json\/wp\/v2\/pages\/6","targetHints":{"allow":["GET"]}}],"collection":[{"href":"https:\/\/indigenoustravels.com\/en\/wp-json\/wp\/v2\/pages"}],"about":[{"href":"https:\/\/indigenoustravels.com\/en\/wp-json\/wp\/v2\/types\/page"}],"author":[{"embeddable":true,"href":"https:\/\/indigenoustravels.com\/en\/wp-json\/wp\/v2\/users\/1"}],"replies":[{"embeddable":true,"href":"https:\/\/indigenoustravels.com\/en\/wp-json\/wp\/v2\/comments?post=6"}],"version-history":[{"count":27,"href":"https:\/\/indigenoustravels.com\/en\/wp-json\/wp\/v2\/pages\/6\/revisions"}],"predecessor-version":[{"id":2250,"href":"https:\/\/indigenoustravels.com\/en\/wp-json\/wp\/v2\/pages\/6\/revisions\/2250"}],"wp:featuredmedia":[{"embeddable":true,"href":"https:\/\/indigenoustravels.com\/en\/wp-json\/wp\/v2\/media\/811"}],"wp:attachment":[{"href":"https:\/\/indigenoustravels.com\/en\/wp-json\/wp\/v2\/media?parent=6"}],"curies":[{"name":"wp","href":"https:\/\/api.w.org\/{rel}","templated":true}]}}