{"id":142,"date":"2025-05-21T02:55:48","date_gmt":"2025-05-21T02:55:48","guid":{"rendered":"https:\/\/indigenoustravels.com\/?page_id=142"},"modified":"2025-11-15T20:48:47","modified_gmt":"2025-11-16T00:48:47","slug":"escribenos-con-total-confianza-24-7","status":"publish","type":"page","link":"https:\/\/indigenoustravels.com\/en\/escribenos-con-total-confianza-24-7\/","title":{"rendered":"CONTACTOS"},"content":{"rendered":"<div data-elementor-type=\"wp-page\" data-elementor-id=\"142\" class=\"elementor elementor-142\" data-elementor-post-type=\"page\">\n\t\t\t\t<div class=\"elementor-element elementor-element-687f05e4 e-con-full e-flex e-con e-parent\" data-id=\"687f05e4\" data-element_type=\"container\" data-e-type=\"container\" data-settings=\"{&quot;background_background&quot;:&quot;classic&quot;}\">\n\t\t\t\t<div class=\"elementor-element elementor-element-4145e51 elementor-widget elementor-widget-heading\" data-id=\"4145e51\" data-element_type=\"widget\" data-e-type=\"widget\" data-widget_type=\"heading.default\">\n\t\t\t\t\t<h2 class=\"elementor-heading-title elementor-size-default\">escr\u00edbenos con total confianza 24\/7.<\/h2>\t\t\t\t<\/div>\n\t\t\t\t<div class=\"elementor-element elementor-element-292de711 elementor-widget__width-inherit elementor-widget elementor-widget-text-editor\" data-id=\"292de711\" data-element_type=\"widget\" data-e-type=\"widget\" data-widget_type=\"text-editor.default\">\n\t\t\t\t\t\t\t\t\t<p data-start=\"476\" data-end=\"880\">En <span style=\"color: #ff6600;\">INDIGENOUS TRAVELS &amp; TOURS<\/span> creemos que la experiencia comienza desde el primer contacto. Por eso hemos creado este espacio para escucharte, orientarte y acompa\u00f1arte en todo lo que necesites. Ya sea que est\u00e9s planificando tu pr\u00f3ximo viaje, tengas dudas sobre nuestras excursiones, necesites una propuesta personalizada o quieras hacer una alianza comercial, <span style=\"color: #00ff00;\"><strong data-start=\"840\" data-end=\"879\">escr\u00edbenos con total confianza 24\/7<\/strong><\/span>.\u00a0<a href=\"https:\/\/indigenoustravels.com\/en\/vive-el-exclusivo-indigenous-2025\/\">CONTACT<\/a><\/p><p data-start=\"882\" data-end=\"1165\">Somos m\u00e1s que una agencia de viajes, somos una red de turismo sostenible, humano y vivencial. Nuestro equipo est\u00e1 listo para brindarte atenci\u00f3n c\u00e1lida, profesional y en tu idioma. Contamos con personal que habla espa\u00f1ol, ingl\u00e9s, franc\u00e9s, ruso e italiano, para atenderte sin barreras.\u00a0<a href=\"https:\/\/mitur.gob.do\">https:\/\/mitur.gob.do<\/a><\/p><p data-start=\"882\" data-end=\"1165\"><span style=\"color: #ffffff;\">C\u00f3mo podemos ayudarte?<\/span><\/p><p data-start=\"1204\" data-end=\"1229\">Puedes contactarnos para:<\/p><ul data-start=\"1231\" data-end=\"1606\"><li data-start=\"1231\" data-end=\"1295\"><p data-start=\"1233\" data-end=\"1295\">Consultar y reservar una <strong data-start=\"1258\" data-end=\"1293\">excursi\u00f3n local o internacional<\/strong><\/p><\/li><li data-start=\"1296\" data-end=\"1348\"><p data-start=\"1298\" data-end=\"1348\">Solicitar un <strong data-start=\"1311\" data-end=\"1346\">paquete tur\u00edstico personalizado<\/strong><\/p><\/li><li data-start=\"1349\" data-end=\"1422\"><p data-start=\"1351\" data-end=\"1422\">Preguntar sobre nuestros <strong data-start=\"1376\" data-end=\"1395\">hoteles aliados<\/strong> y <strong data-start=\"1398\" data-end=\"1420\">traslados privados<\/strong><\/p><\/li><li data-start=\"1423\" data-end=\"1480\"><p data-start=\"1425\" data-end=\"1480\">Coordinar visitas grupales, escolares o empresariales<\/p><\/li><li data-start=\"1481\" data-end=\"1540\"><p data-start=\"1483\" data-end=\"1540\">Plantear sugerencias o comentarios sobre tu experiencia<\/p><\/li><li data-start=\"1541\" data-end=\"1606\"><p data-start=\"1543\" data-end=\"1606\">Establecer <strong data-start=\"1554\" data-end=\"1606\">alianzas comerciales o convenios internacionales<\/strong><\/p><\/li><\/ul><p data-start=\"1608\" data-end=\"1748\"><span style=\"color: #00ff00;\"><strong data-start=\"1608\" data-end=\"1647\">Escr\u00edbenos con total confianza 24\/7<\/strong><\/span>, estamos aqu\u00ed para responder cada mensaje con la misma pasi\u00f3n con la que organizamos nuestros tours.\u00a0<\/p><h3 data-start=\"1755\" data-end=\"1791\">\ud83d\udce9 <span style=\"color: #00ff00;\">Canales de contacto oficiales<\/span><\/h3><p data-start=\"1793\" data-end=\"1885\">\ud83d\udce7 <strong data-start=\"1796\" data-end=\"1819\">Correo electr\u00f3nico:<\/strong><br data-start=\"1819\" data-end=\"1822\" \/><a class=\"cursor-pointer\" rel=\"noopener\" data-start=\"1822\" data-end=\"1885\">info@indigenoustravels.com<\/a><\/p><p data-start=\"1887\" data-end=\"1970\">\ud83d\udcf1 <strong data-start=\"1890\" data-end=\"1914\">WhatsApp y Llamadas:<\/strong><br data-start=\"1914\" data-end=\"1917\" \/>+1 (829) 639-9942 (Soporte en espa\u00f1ol, ingl\u00e9s y ruso)<\/p><p data-start=\"1972\" data-end=\"2054\">\ud83c\udf10 <strong data-start=\"1975\" data-end=\"1989\">Sitio Web:<\/strong><br data-start=\"1989\" data-end=\"1992\" \/><a class=\"cursor-pointer\" target=\"_new\" rel=\"noopener\" data-start=\"1992\" data-end=\"2054\">https:\/\/indigenoustravels.com<\/a><\/p><p data-start=\"2056\" data-end=\"2175\">\ud83d\udccd <strong data-start=\"2059\" data-end=\"2079\">Oficina Central:<\/strong><br data-start=\"2079\" data-end=\"2082\" \/>Santiago de los Caballeros, Rep\u00fablica Dominicana<br data-start=\"2130\" data-end=\"2133\" \/>(Atenci\u00f3n presencial solo con cita previa).<\/p><h3 data-start=\"2182\" data-end=\"2208\">\ud83d\udd52 <span style=\"color: #00ff00;\">Atenci\u00f3n permanente<\/span><\/h3><p data-start=\"2210\" data-end=\"2683\">Sabemos que el turismo no tiene horarios fijos, y tus preguntas tampoco. Por eso, <span style=\"color: #00ff00;\"><strong data-start=\"2292\" data-end=\"2331\">escr\u00edbenos con total confianza 24\/7<\/strong><\/span>. Nuestro equipo de atenci\u00f3n virtual est\u00e1 siempre listo para ayudarte, sin importar tu zona horaria.<br data-start=\"2431\" data-end=\"2434\" \/>\u00bfTienes una urgencia antes de tu vuelo? \u00bfDeseas modificar tu itinerario? \u00bfTe interesa saber si tenemos cupo en el pr\u00f3ximo tour a los 27 Charcos de Damajagua? <a class=\"cursor-pointer\" target=\"_new\" rel=\"noopener\" data-start=\"2592\" data-end=\"2682\">Haz clic aqu\u00ed para ver ese tour<\/a><span style=\"color: #ffffff;\">.\u00a0<a href=\"https:\/\/indigenoustravels.com\/en\/product\/satisfaccion-100-garantizada\/\">Excursi\u00f3n a los Charcos de Damajagua<\/a>\u00a0<\/span><\/p><h3 data-start=\"2690\" data-end=\"2719\">\ud83d\udcac <span style=\"color: #00ff00;\">Formulario de contacto<\/span><\/h3><p data-start=\"2721\" data-end=\"3103\">Tambi\u00e9n puedes utilizar nuestro <a class=\"cursor-pointer\" target=\"_new\" rel=\"noopener\" data-start=\"2753\" data-end=\"2833\"><strong data-start=\"2754\" data-end=\"2788\">formulario directo de contacto<\/strong><\/a> para enviar tu mensaje de forma r\u00e1pida y segura. Solo debes rellenar tu nombre, correo, pa\u00eds y tu mensaje. Uno de nuestros asesores te responder\u00e1 a la mayor brevedad posible. Recuerda: <span style=\"color: #00ff00;\"><strong data-start=\"3019\" data-end=\"3058\">escr\u00edbenos con total confianza 24\/7<\/strong><\/span>, cada solicitud es importante para nosotros.<\/p><p data-start=\"2721\" data-end=\"3103\">.<\/p><hr data-start=\"3105\" data-end=\"3108\" \/><h3 data-start=\"3110\" data-end=\"3131\">\ud83e\udd1d <span style=\"color: #00ff00;\">Enlaces \u00fatiles<\/span><\/h3><p data-start=\"3133\" data-end=\"3222\">Aqu\u00ed te compartimos algunos recursos que pueden ayudarte antes o despu\u00e9s de contactarnos:<\/p><ul data-start=\"3224\" data-end=\"3676\"><li data-start=\"3224\" data-end=\"3315\"><p data-start=\"3226\" data-end=\"3315\">\ud83d\udd17 <a class=\"cursor-pointer\" target=\"_new\" rel=\"noopener\" data-start=\"3229\" data-end=\"3313\">Preguntas Frecuentes (FAQ)<\/a><\/p><\/li><li data-start=\"3316\" data-end=\"3411\"><p data-start=\"3318\" data-end=\"3411\">\ud83d\udd17 <a class=\"cursor-pointer\" target=\"_new\" rel=\"noopener\" data-start=\"3321\" data-end=\"3409\">Ver todos nuestros tours y experiencias<\/a><\/p><\/li><li data-start=\"3412\" data-end=\"3497\"><p data-start=\"3414\" data-end=\"3497\">\ud83d\udd17 <a class=\"cursor-pointer\" target=\"_new\" rel=\"noopener\" data-start=\"3417\" data-end=\"3495\">Blog informativo de viajes y cultura<\/a><\/p><\/li><li data-start=\"3498\" data-end=\"3586\"><p data-start=\"3500\" data-end=\"3586\">\ud83c\udf10 <a class=\"cursor-pointer\" target=\"_new\" rel=\"noopener\" data-start=\"3503\" data-end=\"3584\">Embajada Dominicana m\u00e1s cercana<\/a><\/p><\/li><li data-start=\"3587\" data-end=\"3676\"><p data-start=\"3589\" data-end=\"3676\">\ud83c\udf10 <a class=\"cursor-pointer\" target=\"_new\" rel=\"noopener\" data-start=\"3592\" data-end=\"3674\">Clima en Rep\u00fablica Dominicana<\/a><\/p><\/li><\/ul><hr data-start=\"3678\" data-end=\"3681\" \/><h3 data-start=\"3683\" data-end=\"3714\">\ud83c\udf31 <span style=\"color: #00ff00;\">Queremos conocerte mejor<\/span><\/h3><p data-start=\"3716\" data-end=\"4083\">Cada mensaje que recibimos es una oportunidad para conectarnos contigo. Nos encanta saber de nuestros viajeros, ya sea para darte la bienvenida, agradecer tu participaci\u00f3n o incluso aprender de tus recomendaciones. Por eso, <strong data-start=\"3940\" data-end=\"3979\">escr\u00edbenos con total confianza 24\/7<\/strong>: ya seas un viajero frecuente, un curioso explorador o un operador interesado en trabajar con nosotros.<\/p><p data-start=\"4085\" data-end=\"4330\">Adem\u00e1s, si ya has vivido alguna experiencia con nuestro equipo, puedes enviarnos tu testimonio o subir una rese\u00f1a en nuestras redes sociales. Tu voz inspira a otros a descubrir la magia de la Rep\u00fablica Dominicana de forma aut\u00e9ntica y sostenible.<\/p><hr data-start=\"4332\" data-end=\"4335\" \/><h3 data-start=\"4337\" data-end=\"4370\">\ud83c\udf0e <span style=\"color: #00ff00;\">\u00a1Viaja, descubre, conecta!<\/span><\/h3><p data-start=\"4372\" data-end=\"4646\">En INDIGENOUS TRAVELS &amp; TOURS trabajamos d\u00eda a d\u00eda para ofrecerte una experiencia integral, \u00e9tica y segura. Creemos que el contacto humano sigue siendo esencial, incluso en tiempos digitales. Por eso, <strong data-start=\"4573\" data-end=\"4612\">escr\u00edbenos con total confianza 24\/7<\/strong>, desde cualquier lugar del mundo.<\/p><p data-start=\"4648\" data-end=\"4720\">Tu viaje empieza con una conversaci\u00f3n\u2026 \u00a1y esa conversaci\u00f3n empieza aqu\u00ed! con nosotros tu gente de INDIGENOUS TRAVELS &amp; TOURS.\u00a0 Vive la experiencia INDIGENOUS, reserva tu Tours con tiempo y prep\u00e1rate a disfrutar al m\u00e1ximo.<\/p><p data-start=\"282\" data-end=\"1093\">En <strong data-start=\"285\" data-end=\"315\">INDIGENOUS TRAVELS &amp; TOURS<\/strong>, estamos comprometidos con brindarte atenci\u00f3n personalizada, r\u00e1pida y cercana. <strong data-start=\"395\" data-end=\"434\">Escr\u00edbenos con total confianza 24\/7<\/strong>, ya sea para solicitar informaci\u00f3n sobre nuestras excursiones, dise\u00f1ar un itinerario a medida o resolver cualquier duda sobre nuestros servicios. Nuestro equipo est\u00e1 disponible para atenderte en espa\u00f1ol, ingl\u00e9s, ruso, italiano y portugu\u00e9s, sin importar en qu\u00e9 parte del mundo te encuentres. Para una atenci\u00f3n directa, puedes visitar nuestra p\u00e1gina de <a class=\"cursor-pointer\" target=\"_new\" rel=\"noopener\" data-start=\"786\" data-end=\"840\"><strong data-start=\"787\" data-end=\"799\">Contacto<\/strong><\/a> o comunicarte v\u00eda WhatsApp al n\u00famero +1 (829) 639-9942. Si deseas conocer m\u00e1s sobre nuestras <a class=\"cursor-pointer\" target=\"_new\" rel=\"noopener\" data-start=\"934\" data-end=\"1003\"><strong data-start=\"935\" data-end=\"965\">Experiencias de Ecoturismo<\/strong><\/a>, puedes explorar nuestra oferta de aventuras dise\u00f1adas con enfoque sostenible y cultural.<\/p><p data-start=\"1095\" data-end=\"1688\">Adem\u00e1s, si eres una agencia interesada en alianzas estrat\u00e9gicas, te invitamos a revisar nuestras condiciones comerciales en la secci\u00f3n de <a class=\"cursor-pointer\" target=\"_new\" rel=\"noopener\" data-start=\"1233\" data-end=\"1297\"><strong data-start=\"1234\" data-end=\"1257\">Socios y Operadores<\/strong><\/a>. Valoramos la transparencia y la colaboraci\u00f3n responsable. Tambi\u00e9n puedes informarte sobre turismo sostenible en\u00a0el portal oficial del Ministerio de Turismo. Recuerda: <strong data-start=\"1534\" data-end=\"1573\">Escr\u00edbenos con total confianza 24\/7<\/strong>. Estamos aqu\u00ed para ayudarte a vivir una experiencia aut\u00e9ntica, segura y transformadora en la Rep\u00fablica Dominicana.<\/p><hr data-start=\"4722\" data-end=\"4725\" \/><p data-start=\"4727\" data-end=\"4934\" data-is-last-node=\"\" data-is-only-node=\"\">\u00a0<\/p>\t\t\t\t\t\t\t\t<\/div>\n\t\t\t\t<\/div>\n\t\t<div class=\"elementor-element elementor-element-f405c65 e-flex e-con-boxed e-con e-parent\" data-id=\"f405c65\" data-element_type=\"container\" data-e-type=\"container\">\n\t\t\t\t\t<div class=\"e-con-inner\">\n\t\t\t\t\t<\/div>\n\t\t\t\t<\/div>\n\t\t\t\t<\/div>","protected":false},"excerpt":{"rendered":"<p>escr\u00edbenos con total confianza 24\/7. En INDIGENOUS TRAVELS &amp; TOURS creemos que la experiencia comienza desde el primer contacto. Por&hellip;<\/p>","protected":false},"author":1,"featured_media":80,"parent":0,"menu_order":0,"comment_status":"closed","ping_status":"closed","template":"","meta":{"site-sidebar-layout":"default","site-content-layout":"","ast-site-content-layout":"default","site-content-style":"default","site-sidebar-style":"default","ast-global-header-display":"","ast-banner-title-visibility":"","ast-main-header-display":"","ast-hfb-above-header-display":"","ast-hfb-below-header-display":"","ast-hfb-mobile-header-display":"","site-post-title":"","ast-breadcrumbs-content":"","ast-featured-img":"","footer-sml-layout":"","theme-transparent-header-meta":"","adv-header-id-meta":"","stick-header-meta":"","header-above-stick-meta":"","header-main-stick-meta":"","header-below-stick-meta":"","astra-migrate-meta-layouts":"default","ast-page-background-enabled":"default","ast-page-background-meta":{"desktop":{"background-color":"var(--ast-global-color-5)","background-image":"","background-repeat":"repeat","background-position":"center center","background-size":"auto","background-attachment":"scroll","background-type":"","background-media":"","overlay-type":"","overlay-color":"","overlay-opacity":"","overlay-gradient":""},"tablet":{"background-color":"","background-image":"","background-repeat":"repeat","background-position":"center center","background-size":"auto","background-attachment":"scroll","background-type":"","background-media":"","overlay-type":"","overlay-color":"","overlay-opacity":"","overlay-gradient":""},"mobile":{"background-color":"","background-image":"","background-repeat":"repeat","background-position":"center center","background-size":"auto","background-attachment":"scroll","background-type":"","background-media":"","overlay-type":"","overlay-color":"","overlay-opacity":"","overlay-gradient":""}},"ast-content-background-meta":{"desktop":{"background-color":"var(--ast-global-color-4)","background-image":"","background-repeat":"repeat","background-position":"center center","background-size":"auto","background-attachment":"scroll","background-type":"","background-media":"","overlay-type":"","overlay-color":"","overlay-opacity":"","overlay-gradient":""},"tablet":{"background-color":"var(--ast-global-color-4)","background-image":"","background-repeat":"repeat","background-position":"center center","background-size":"auto","background-attachment":"scroll","background-type":"","background-media":"","overlay-type":"","overlay-color":"","overlay-opacity":"","overlay-gradient":""},"mobile":{"background-color":"var(--ast-global-color-4)","background-image":"","background-repeat":"repeat","background-position":"center center","background-size":"auto","background-attachment":"scroll","background-type":"","background-media":"","overlay-type":"","overlay-color":"","overlay-opacity":"","overlay-gradient":""}},"footnotes":""},"class_list":["post-142","page","type-page","status-publish","has-post-thumbnail","hentry"],"_links":{"self":[{"href":"https:\/\/indigenoustravels.com\/en\/wp-json\/wp\/v2\/pages\/142","targetHints":{"allow":["GET"]}}],"collection":[{"href":"https:\/\/indigenoustravels.com\/en\/wp-json\/wp\/v2\/pages"}],"about":[{"href":"https:\/\/indigenoustravels.com\/en\/wp-json\/wp\/v2\/types\/page"}],"author":[{"embeddable":true,"href":"https:\/\/indigenoustravels.com\/en\/wp-json\/wp\/v2\/users\/1"}],"replies":[{"embeddable":true,"href":"https:\/\/indigenoustravels.com\/en\/wp-json\/wp\/v2\/comments?post=142"}],"version-history":[{"count":33,"href":"https:\/\/indigenoustravels.com\/en\/wp-json\/wp\/v2\/pages\/142\/revisions"}],"predecessor-version":[{"id":3042,"href":"https:\/\/indigenoustravels.com\/en\/wp-json\/wp\/v2\/pages\/142\/revisions\/3042"}],"wp:featuredmedia":[{"embeddable":true,"href":"https:\/\/indigenoustravels.com\/en\/wp-json\/wp\/v2\/media\/80"}],"wp:attachment":[{"href":"https:\/\/indigenoustravels.com\/en\/wp-json\/wp\/v2\/media?parent=142"}],"curies":[{"name":"wp","href":"https:\/\/api.w.org\/{rel}","templated":true}]}}